{"id":19026,"date":"2022-07-06T07:17:02","date_gmt":"2022-07-06T05:17:02","guid":{"rendered":"https:\/\/fast-gas.com\/product\/615g-sahnekapseln-mit-distickstoffmonoxid-fast-gas-cream-charger-2\/"},"modified":"2025-06-24T17:37:41","modified_gmt":"2025-06-24T15:37:41","slug":"fastgas-original-stickstoffoxid-zylinder","status":"publish","type":"product","link":"https:\/\/f-whip.info\/de\/produkt\/fastgas-original-stickstoffoxid-zylinder\/","title":{"rendered":"FastGas Sahnekapsel Original 670g"},"excerpt":{"rendered":"<p>Europ\u00e4ische Qualit\u00e4t Stickstoffoxid in einer sicheren und wegwerfbaren Stahlkartusche.<\/p>\n<p>Effizient und stets voll gef\u00fcllt ist dieser 670g Zylinder die meistverkaufte Gr\u00f6\u00dfe unserer weltweit bekannten Marke.<\/p>\n<p>FastGas erzeugt die fluffigste Schlagsahne, Espumas f\u00fcr Cocktails, Saucen und mehr.<\/p>\n<p>Das neue Design beinhaltet einen Verifizierungs-QR-Code. <a href=\"https:\/\/f-whip.info\/de\/verify\/\">Erfahren Sie, wie Sie Ihre Flasche \u00fcberpr\u00fcfen<\/a>.<\/p>\n<p><strong>*Jede Palette mit 670 g enth\u00e4lt 75 Kartons (6 Beh\u00e4lter pro Karton)<\/strong><\/p>\n","protected":false},"featured_media":42266,"template":"","meta":{"_acf_changed":false},"product_brand":[],"product_cat":[499,454,453],"product_tag":[],"class_list":{"0":"post-19026","1":"product","2":"type-product","3":"status-publish","4":"has-post-thumbnail","6":"product_cat-alle","7":"product_cat-distickstoffmonoxid-de","8":"product_cat-sahnekapseln-de","10":"first","11":"instock","12":"taxable","13":"shipping-taxable","14":"product-type-simple"},"acf":[],"_links":{"self":[{"href":"https:\/\/f-whip.info\/de\/wp-json\/wp\/v2\/product\/19026","targetHints":{"allow":["GET"]}}],"collection":[{"href":"https:\/\/f-whip.info\/de\/wp-json\/wp\/v2\/product"}],"about":[{"href":"https:\/\/f-whip.info\/de\/wp-json\/wp\/v2\/types\/product"}],"wp:featuredmedia":[{"embeddable":true,"href":"https:\/\/f-whip.info\/de\/wp-json\/wp\/v2\/media\/42266"}],"wp:attachment":[{"href":"https:\/\/f-whip.info\/de\/wp-json\/wp\/v2\/media?parent=19026"}],"wp:term":[{"taxonomy":"product_brand","embeddable":true,"href":"https:\/\/f-whip.info\/de\/wp-json\/wp\/v2\/product_brand?post=19026"},{"taxonomy":"product_cat","embeddable":true,"href":"https:\/\/f-whip.info\/de\/wp-json\/wp\/v2\/product_cat?post=19026"},{"taxonomy":"product_tag","embeddable":true,"href":"https:\/\/f-whip.info\/de\/wp-json\/wp\/v2\/product_tag?post=19026"}],"curies":[{"name":"wp","href":"https:\/\/api.w.org\/{rel}","templated":true}]}}