{"id":33671,"date":"2024-02-28T15:11:56","date_gmt":"2024-02-28T14:11:56","guid":{"rendered":"https:\/\/fast-gas.com\/?post_type=product&#038;p=33671"},"modified":"2025-06-24T17:32:39","modified_gmt":"2025-06-24T15:32:39","slug":"fastgas-kokosnuss-distickstoffoxid-zylinder-670-gramm","status":"publish","type":"product","link":"https:\/\/f-whip.info\/de\/produkt\/fastgas-kokosnuss-distickstoffoxid-zylinder-670-gramm\/","title":{"rendered":"FastGas Sahnekapsel Kokos 670g"},"excerpt":{"rendered":"<p>Das bekannte FastGas N2O, aber mit einem k\u00f6stlichen Kokosgeschmack.<\/p>\n<p>Der 670g-Zylinder ist die kleinste Gr\u00f6\u00dfe unserer Produktpalette: effizient, wegwerfbar und immer beste europ\u00e4ische Qualit\u00e4t.<\/p>\n<p>FastGas erzeugt die fluffigste Schlagsahne, Espumas f\u00fcr Cocktails, Saucen und mehr.<\/p>\n<p>Das neue Design beinhaltet einen Verifizierungs-QR-Code. <a href=\"https:\/\/f-whip.info\/de\/verify\/\">Erfahren Sie, wie Sie Ihre Flasche \u00fcberpr\u00fcfen<\/a>.<\/p>\n<p><strong>Enthalten in einer Mischung aus 6 Geschmacksrichtungen.<br \/>\n*Jede Palette mit 670 g enth\u00e4lt 75 Kartons (6 sortierte Beh\u00e4lter pro Karton)<\/strong><\/p>\n","protected":false},"featured_media":42356,"template":"","meta":{"_acf_changed":false},"product_brand":[],"product_cat":[499,454,453],"product_tag":[],"class_list":{"0":"post-33671","1":"product","2":"type-product","3":"status-publish","4":"has-post-thumbnail","6":"product_cat-alle","7":"product_cat-distickstoffmonoxid-de","8":"product_cat-sahnekapseln-de","10":"first","11":"instock","12":"taxable","13":"shipping-taxable","14":"product-type-simple"},"acf":[],"_links":{"self":[{"href":"https:\/\/f-whip.info\/de\/wp-json\/wp\/v2\/product\/33671","targetHints":{"allow":["GET"]}}],"collection":[{"href":"https:\/\/f-whip.info\/de\/wp-json\/wp\/v2\/product"}],"about":[{"href":"https:\/\/f-whip.info\/de\/wp-json\/wp\/v2\/types\/product"}],"wp:featuredmedia":[{"embeddable":true,"href":"https:\/\/f-whip.info\/de\/wp-json\/wp\/v2\/media\/42356"}],"wp:attachment":[{"href":"https:\/\/f-whip.info\/de\/wp-json\/wp\/v2\/media?parent=33671"}],"wp:term":[{"taxonomy":"product_brand","embeddable":true,"href":"https:\/\/f-whip.info\/de\/wp-json\/wp\/v2\/product_brand?post=33671"},{"taxonomy":"product_cat","embeddable":true,"href":"https:\/\/f-whip.info\/de\/wp-json\/wp\/v2\/product_cat?post=33671"},{"taxonomy":"product_tag","embeddable":true,"href":"https:\/\/f-whip.info\/de\/wp-json\/wp\/v2\/product_tag?post=33671"}],"curies":[{"name":"wp","href":"https:\/\/api.w.org\/{rel}","templated":true}]}}