{"id":34345,"date":"2023-08-17T08:27:36","date_gmt":"2023-08-17T06:27:36","guid":{"rendered":"https:\/\/fast-gas.com\/product\/fastgas-coconut-nitrous-oxide-cylinder-2000-grams\/"},"modified":"2025-06-24T17:34:54","modified_gmt":"2025-06-24T15:34:54","slug":"fastgas-kokosnuss-distickstoffoxid-zylinder-2000-gramm","status":"publish","type":"product","link":"https:\/\/f-whip.info\/de\/produkt\/fastgas-kokosnuss-distickstoffoxid-zylinder-2000-gramm\/","title":{"rendered":"FastGas Sahnekapsel Kokos 2000g"},"excerpt":{"rendered":"<p>Unser gr\u00f6\u00dfter Kapazit\u00e4tszylinder kommt in einer praktischen Gr\u00f6\u00dfe mit einem handlichen Streifen, gef\u00fcllt mit k\u00f6stlichem kokosnussaromatisierten N2O.<\/p>\n<p>Mit europ\u00e4ischem Qualit\u00e4tsfas bis zur Kapazit\u00e4t gef\u00fcllt und unter strengen Sicherheitsprotokollen hergestellt.<\/p>\n<p>FastGas erzeugt die fluffigste Schlagsahne, Espumas f\u00fcr Cocktails, Saucen und mehr.<\/p>\n<p>Das neue Design beinhaltet einen Verifizierungs-QR-Code. <a href=\"https:\/\/f-whip.info\/de\/verify\/\">Erfahren Sie, wie Sie Ihre Flasche \u00fcberpr\u00fcfen<\/a>.<\/p>\n<p><strong>*Jede Palette mit 2 kg enth\u00e4lt 162 Kartons (1 Beh\u00e4lter pro Karton)<\/strong><\/p>\n","protected":false},"featured_media":42513,"template":"","meta":{"_acf_changed":false},"product_brand":[],"product_cat":[499,454,453],"product_tag":[],"class_list":{"0":"post-34345","1":"product","2":"type-product","3":"status-publish","4":"has-post-thumbnail","6":"product_cat-alle","7":"product_cat-distickstoffmonoxid-de","8":"product_cat-sahnekapseln-de","10":"first","11":"instock","12":"taxable","13":"shipping-taxable","14":"product-type-simple"},"acf":[],"_links":{"self":[{"href":"https:\/\/f-whip.info\/de\/wp-json\/wp\/v2\/product\/34345","targetHints":{"allow":["GET"]}}],"collection":[{"href":"https:\/\/f-whip.info\/de\/wp-json\/wp\/v2\/product"}],"about":[{"href":"https:\/\/f-whip.info\/de\/wp-json\/wp\/v2\/types\/product"}],"wp:featuredmedia":[{"embeddable":true,"href":"https:\/\/f-whip.info\/de\/wp-json\/wp\/v2\/media\/42513"}],"wp:attachment":[{"href":"https:\/\/f-whip.info\/de\/wp-json\/wp\/v2\/media?parent=34345"}],"wp:term":[{"taxonomy":"product_brand","embeddable":true,"href":"https:\/\/f-whip.info\/de\/wp-json\/wp\/v2\/product_brand?post=34345"},{"taxonomy":"product_cat","embeddable":true,"href":"https:\/\/f-whip.info\/de\/wp-json\/wp\/v2\/product_cat?post=34345"},{"taxonomy":"product_tag","embeddable":true,"href":"https:\/\/f-whip.info\/de\/wp-json\/wp\/v2\/product_tag?post=34345"}],"curies":[{"name":"wp","href":"https:\/\/api.w.org\/{rel}","templated":true}]}}