{"id":35998,"date":"2024-06-12T13:25:43","date_gmt":"2024-06-12T11:25:43","guid":{"rendered":"https:\/\/fast-gas.com\/?post_type=product&#038;p=35998"},"modified":"2025-03-25T10:26:00","modified_gmt":"2025-03-25T10:26:00","slug":"fastgas-creamer","status":"publish","type":"product","link":"https:\/\/f-whip.info\/de\/produkt\/fastgas-creamer\/","title":{"rendered":"FastGas Creamer"},"excerpt":{"rendered":"<p>Unser ultimatives Bar- und K\u00fcchenaccessoire.<\/p>\n<p>Ein innovativer N2O-Spender, speziell entwickelt f\u00fcr die Herstellung von Schlagsahne, kalten Sch\u00e4umen und So\u00dfen. Kompatibel mit unserem FastGas 670g-Kanister.<\/p>\n<p>Egal, ob Sie ein Profi sind oder zu Hause Dinge ausprobieren, die Creamer-Maschine ist darauf ausgelegt, Ihre Kreativit\u00e4t zu entfesseln.<\/p>\n<p>Die EMPFOHLENE UNVERBINDLICHE PREIS ist 89,90 \u20ac<\/p>\n<p>Syphons werden separat verkauft.<\/p>\n","protected":false},"featured_media":42725,"template":"","meta":{"_acf_changed":false},"product_brand":[],"product_cat":[499,454,453],"product_tag":[],"class_list":{"0":"post-35998","1":"product","2":"type-product","3":"status-publish","4":"has-post-thumbnail","6":"product_cat-alle","7":"product_cat-distickstoffmonoxid-de","8":"product_cat-sahnekapseln-de","10":"first","11":"instock","12":"taxable","13":"shipping-taxable","14":"product-type-simple"},"acf":[],"_links":{"self":[{"href":"https:\/\/f-whip.info\/de\/wp-json\/wp\/v2\/product\/35998","targetHints":{"allow":["GET"]}}],"collection":[{"href":"https:\/\/f-whip.info\/de\/wp-json\/wp\/v2\/product"}],"about":[{"href":"https:\/\/f-whip.info\/de\/wp-json\/wp\/v2\/types\/product"}],"wp:featuredmedia":[{"embeddable":true,"href":"https:\/\/f-whip.info\/de\/wp-json\/wp\/v2\/media\/42725"}],"wp:attachment":[{"href":"https:\/\/f-whip.info\/de\/wp-json\/wp\/v2\/media?parent=35998"}],"wp:term":[{"taxonomy":"product_brand","embeddable":true,"href":"https:\/\/f-whip.info\/de\/wp-json\/wp\/v2\/product_brand?post=35998"},{"taxonomy":"product_cat","embeddable":true,"href":"https:\/\/f-whip.info\/de\/wp-json\/wp\/v2\/product_cat?post=35998"},{"taxonomy":"product_tag","embeddable":true,"href":"https:\/\/f-whip.info\/de\/wp-json\/wp\/v2\/product_tag?post=35998"}],"curies":[{"name":"wp","href":"https:\/\/api.w.org\/{rel}","templated":true}]}}