{"id":42090,"date":"2025-03-18T13:11:02","date_gmt":"2025-03-18T12:11:02","guid":{"rendered":"https:\/\/staging.fast-gas.com\/?post_type=product&#038;p=42090"},"modified":"2025-06-24T17:22:12","modified_gmt":"2025-06-24T15:22:12","slug":"sahnekapsel-670g-traube","status":"publish","type":"product","link":"https:\/\/f-whip.info\/de\/produkt\/sahnekapsel-670g-traube\/","title":{"rendered":"FastGas Cream Charger Traube 670g"},"excerpt":{"rendered":"<p>Traube, herrliche Traube!<\/p>\n<p>Unser Bestseller mit 670 g ist jetzt in einem wunderbar frischen und saftigen Geschmack erh\u00e4ltlich, ideal f\u00fcr Dessert-Toppings und ausgefallene Drinks.<\/p>\n<p>Die Einweg-Stahlkartusche enth\u00e4lt das bew\u00e4hrte Distickstoffmonoxid in europ\u00e4ischer Qualit\u00e4t.<\/p>\n<p>FastGas sorgt f\u00fcr die luftigste Schlagsahne, Espumas f\u00fcr Cocktails, Saucen und vieles mehr.<\/p>\n<p>Das neue Design beinhaltet einen QR-Code zur Verifizierung. <a href=\"https:\/\/f-whip.info\/de\/verify\/\">Erfahren Sie, wie Sie Ihre Flasche \u00fcberpr\u00fcfen k\u00f6nnen.<\/a><\/p>\n<p><strong>Enthalten in einer Mischung aus 6 Geschmacksrichtungen.<br \/>\n*Jede Palette mit 670 g enth\u00e4lt 75 Kartons (6 sortierte Kartuschen pro Karton)<\/strong><\/p>\n","protected":false},"featured_media":42669,"template":"","meta":{"_acf_changed":false},"product_brand":[],"product_cat":[499,454,453],"product_tag":[],"class_list":{"0":"post-42090","1":"product","2":"type-product","3":"status-publish","4":"has-post-thumbnail","6":"product_cat-alle","7":"product_cat-distickstoffmonoxid-de","8":"product_cat-sahnekapseln-de","10":"first","11":"instock","12":"taxable","13":"shipping-taxable","14":"product-type-simple"},"acf":[],"_links":{"self":[{"href":"https:\/\/f-whip.info\/de\/wp-json\/wp\/v2\/product\/42090","targetHints":{"allow":["GET"]}}],"collection":[{"href":"https:\/\/f-whip.info\/de\/wp-json\/wp\/v2\/product"}],"about":[{"href":"https:\/\/f-whip.info\/de\/wp-json\/wp\/v2\/types\/product"}],"wp:featuredmedia":[{"embeddable":true,"href":"https:\/\/f-whip.info\/de\/wp-json\/wp\/v2\/media\/42669"}],"wp:attachment":[{"href":"https:\/\/f-whip.info\/de\/wp-json\/wp\/v2\/media?parent=42090"}],"wp:term":[{"taxonomy":"product_brand","embeddable":true,"href":"https:\/\/f-whip.info\/de\/wp-json\/wp\/v2\/product_brand?post=42090"},{"taxonomy":"product_cat","embeddable":true,"href":"https:\/\/f-whip.info\/de\/wp-json\/wp\/v2\/product_cat?post=42090"},{"taxonomy":"product_tag","embeddable":true,"href":"https:\/\/f-whip.info\/de\/wp-json\/wp\/v2\/product_tag?post=42090"}],"curies":[{"name":"wp","href":"https:\/\/api.w.org\/{rel}","templated":true}]}}