{"id":42101,"date":"2025-03-18T12:15:38","date_gmt":"2025-03-18T11:15:38","guid":{"rendered":"https:\/\/staging.fast-gas.com\/?post_type=product&#038;p=42101"},"modified":"2025-06-24T17:31:08","modified_gmt":"2025-06-24T15:31:08","slug":"sahnekapsel-670g-gruener-apfel","status":"publish","type":"product","link":"https:\/\/f-whip.info\/de\/produkt\/sahnekapsel-670g-gruener-apfel\/","title":{"rendered":"FastGas Gr\u00fcner Apfel Sahne-Ladeger\u00e4t 670g"},"excerpt":{"rendered":"<p>Der Geschmack eines frisch gepfl\u00fcckten Apfels!<\/p>\n<p>Unser meistverkaufter 670g-Beh\u00e4lter kommt jetzt in einem starken, erfrischenden Geschmack des gr\u00fcnen Apfels, der jedem Getr\u00e4nk oder Gericht den perfekten Kick verleiht.<\/p>\n<p>Der Einweg-Stahlbeh\u00e4lter enth\u00e4lt das \u00fcbliche europ\u00e4ische Qualit\u00e4ts-Lachgas.<\/p>\n<p>FastGas sorgt f\u00fcr die fluffigste Schlagsahne, Espumas f\u00fcr Cocktails, Saucen und mehr.<\/p>\n<p>Das neue Design beinhaltet einen Verifizierungs-QR-Code. <a href=\"https:\/\/f-whip.info\/de\/verify\/\">Erfahren Sie, wie Sie Ihre Flasche verifizieren.<\/a><\/p>\n<p><strong>Enthalten in einer Mischung aus 6 Geschmacksrichtungen.<br \/>\n*Jede Palette mit 670 g enth\u00e4lt 75 Kartons (6 sortierte Kartuschen pro Karton)<\/strong><\/p>\n","protected":false},"featured_media":42602,"template":"","meta":{"_acf_changed":false},"product_brand":[],"product_cat":[499,454,453],"product_tag":[],"class_list":{"0":"post-42101","1":"product","2":"type-product","3":"status-publish","4":"has-post-thumbnail","6":"product_cat-alle","7":"product_cat-distickstoffmonoxid-de","8":"product_cat-sahnekapseln-de","10":"first","11":"instock","12":"taxable","13":"shipping-taxable","14":"product-type-simple"},"acf":[],"_links":{"self":[{"href":"https:\/\/f-whip.info\/de\/wp-json\/wp\/v2\/product\/42101","targetHints":{"allow":["GET"]}}],"collection":[{"href":"https:\/\/f-whip.info\/de\/wp-json\/wp\/v2\/product"}],"about":[{"href":"https:\/\/f-whip.info\/de\/wp-json\/wp\/v2\/types\/product"}],"wp:featuredmedia":[{"embeddable":true,"href":"https:\/\/f-whip.info\/de\/wp-json\/wp\/v2\/media\/42602"}],"wp:attachment":[{"href":"https:\/\/f-whip.info\/de\/wp-json\/wp\/v2\/media?parent=42101"}],"wp:term":[{"taxonomy":"product_brand","embeddable":true,"href":"https:\/\/f-whip.info\/de\/wp-json\/wp\/v2\/product_brand?post=42101"},{"taxonomy":"product_cat","embeddable":true,"href":"https:\/\/f-whip.info\/de\/wp-json\/wp\/v2\/product_cat?post=42101"},{"taxonomy":"product_tag","embeddable":true,"href":"https:\/\/f-whip.info\/de\/wp-json\/wp\/v2\/product_tag?post=42101"}],"curies":[{"name":"wp","href":"https:\/\/api.w.org\/{rel}","templated":true}]}}