{"id":42145,"date":"2025-03-18T13:32:53","date_gmt":"2025-03-18T12:32:53","guid":{"rendered":"https:\/\/staging.fast-gas.com\/?post_type=product&#038;p=42145"},"modified":"2025-06-20T17:34:55","modified_gmt":"2025-06-20T15:34:55","slug":"druckregler","status":"publish","type":"product","link":"https:\/\/f-whip.info\/de\/produkt\/druckregler\/","title":{"rendered":"Druckregler"},"excerpt":{"rendered":"<p data-start=\"51\" data-end=\"194\">Die FastGas-Druckregler bieten eine zuverl\u00e4ssige und benutzerfreundliche L\u00f6sung zum Bef\u00fcllen von Sahnespendern und Sodasirup-Siphons. Kompatibel mit den meisten Distickstoffmonoxid- und CO\u2082-Zylindern gew\u00e4hrleisten sie eine reibungslose und gleichm\u00e4\u00dfige Leistung in einer Vielzahl von Anwendungen.<\/p>\n<p data-start=\"359\" data-end=\"381\"><span class=\"title-highlight\"><strong data-start=\"363\" data-end=\"379\">Beschreibung<\/strong><\/span><\/p>\n<p data-start=\"382\" data-end=\"635\">Diese Regler wurden f\u00fcr Effizienz und unterbrechungsfreien Einsatz entwickelt und sind ideal f\u00fcr anspruchsvolle Umgebungen wie Bars, Profik\u00fcchen und Caf\u00e9s. Sie sind auch eine praktische L\u00f6sung f\u00fcr Privatanwender, die gro\u00dfe Mengen Schlagsahne zubereiten.<\/p>\n<p data-start=\"637\" data-end=\"965\">Die Regler sind besonders n\u00fctzlich in Verbindung mit gr\u00f6\u00dferen 2L- und 3L-Tanks, in denen die Creamer-Maschine noch nicht verf\u00fcgbar ist. Sie erm\u00f6glichen einen reibungslosen, ungehinderten Betrieb \u2013 im Gegensatz zur herk\u00f6mmlichen Methode mit kleinen 8g-Kapseln, die st\u00e4ndig ausgetauscht werden m\u00fcssen und den Arbeitsablauf st\u00f6ren.<\/p>\n","protected":false},"featured_media":42748,"template":"","meta":{"_acf_changed":false},"product_brand":[],"product_cat":[499,454,453],"product_tag":[],"class_list":{"0":"post-42145","1":"product","2":"type-product","3":"status-publish","4":"has-post-thumbnail","6":"product_cat-alle","7":"product_cat-distickstoffmonoxid-de","8":"product_cat-sahnekapseln-de","10":"first","11":"instock","12":"taxable","13":"shipping-taxable","14":"product-type-simple"},"acf":[],"_links":{"self":[{"href":"https:\/\/f-whip.info\/de\/wp-json\/wp\/v2\/product\/42145","targetHints":{"allow":["GET"]}}],"collection":[{"href":"https:\/\/f-whip.info\/de\/wp-json\/wp\/v2\/product"}],"about":[{"href":"https:\/\/f-whip.info\/de\/wp-json\/wp\/v2\/types\/product"}],"wp:featuredmedia":[{"embeddable":true,"href":"https:\/\/f-whip.info\/de\/wp-json\/wp\/v2\/media\/42748"}],"wp:attachment":[{"href":"https:\/\/f-whip.info\/de\/wp-json\/wp\/v2\/media?parent=42145"}],"wp:term":[{"taxonomy":"product_brand","embeddable":true,"href":"https:\/\/f-whip.info\/de\/wp-json\/wp\/v2\/product_brand?post=42145"},{"taxonomy":"product_cat","embeddable":true,"href":"https:\/\/f-whip.info\/de\/wp-json\/wp\/v2\/product_cat?post=42145"},{"taxonomy":"product_tag","embeddable":true,"href":"https:\/\/f-whip.info\/de\/wp-json\/wp\/v2\/product_tag?post=42145"}],"curies":[{"name":"wp","href":"https:\/\/api.w.org\/{rel}","templated":true}]}}