{"id":43129,"date":"2025-03-24T14:45:52","date_gmt":"2025-03-24T13:45:52","guid":{"rendered":"https:\/\/staging.fast-gas.com\/product\/cream-chargers-670g-6-bottles-box-mixed-2\/"},"modified":"2025-06-24T17:21:07","modified_gmt":"2025-06-24T15:21:07","slug":"sahnekapseln-670g-6-flaschen-box-gemischt","status":"publish","type":"product","link":"https:\/\/f-whip.info\/de\/produkt\/sahnekapseln-670g-6-flaschen-box-gemischt\/","title":{"rendered":"FastGas Gemischte Geschmacksrichtungen Box \u2013 670g"},"excerpt":{"rendered":"<p>FastGas setzt alles auf eine Karte mit dieser perfekt zusammengestellten Box von 6 k\u00f6stlichen N2O-Geschmacksrichtungen.<\/p>\n<p>Entfesseln Sie Ihre Kreativit\u00e4t bei Getr\u00e4nken und Gerichten mit unserem meistverkauften europ\u00e4ischen N2O, das die interessantesten Geschmacksrichtungen im Spektrum bietet: Erdbeere, Kokosnuss, Traube, Gr\u00fcner Apfel, Banane und Blaubeere.<\/p>\n<p>Jeder der 6 670g Beh\u00e4lter ist ein sicherer und wegwerfbarer Stahlbeh\u00e4lter.<\/p>\n<p>FastGas sorgt f\u00fcr die fluffigste Schlagsahne, Espumas f\u00fcr Cocktails, Saucen und mehr.<\/p>\n<p>Das neue Design beinhaltet einen Verifizierungs-QR-Code. <a href=\"https:\/\/f-whip.info\/de\/verify\/\">Erfahren Sie, wie Sie Ihre Flasche verifizieren.<\/a><\/p>\n<div class=\"woocommerce-product-details__short-description fast-gas\">\n<p><strong>*Chaque palette de 670 g contient 75 cartons (6 cartouches par carton)<\/strong><\/p>\n<\/div>\n","protected":false},"featured_media":42624,"template":"","meta":{"_acf_changed":false},"product_brand":[],"product_cat":[499,454,453],"product_tag":[],"class_list":{"0":"post-43129","1":"product","2":"type-product","3":"status-publish","4":"has-post-thumbnail","6":"product_cat-alle","7":"product_cat-distickstoffmonoxid-de","8":"product_cat-sahnekapseln-de","10":"first","11":"instock","12":"taxable","13":"shipping-taxable","14":"product-type-simple"},"acf":[],"_links":{"self":[{"href":"https:\/\/f-whip.info\/de\/wp-json\/wp\/v2\/product\/43129","targetHints":{"allow":["GET"]}}],"collection":[{"href":"https:\/\/f-whip.info\/de\/wp-json\/wp\/v2\/product"}],"about":[{"href":"https:\/\/f-whip.info\/de\/wp-json\/wp\/v2\/types\/product"}],"wp:featuredmedia":[{"embeddable":true,"href":"https:\/\/f-whip.info\/de\/wp-json\/wp\/v2\/media\/42624"}],"wp:attachment":[{"href":"https:\/\/f-whip.info\/de\/wp-json\/wp\/v2\/media?parent=43129"}],"wp:term":[{"taxonomy":"product_brand","embeddable":true,"href":"https:\/\/f-whip.info\/de\/wp-json\/wp\/v2\/product_brand?post=43129"},{"taxonomy":"product_cat","embeddable":true,"href":"https:\/\/f-whip.info\/de\/wp-json\/wp\/v2\/product_cat?post=43129"},{"taxonomy":"product_tag","embeddable":true,"href":"https:\/\/f-whip.info\/de\/wp-json\/wp\/v2\/product_tag?post=43129"}],"curies":[{"name":"wp","href":"https:\/\/api.w.org\/{rel}","templated":true}]}}