{"id":19139,"date":"2022-07-06T07:17:02","date_gmt":"2022-07-06T05:17:02","guid":{"rendered":"https:\/\/fast-gas.com\/product\/bombona-oxido-nitroso-615g-n2o-fast-gas-cream-charger-2\/"},"modified":"2025-06-24T19:09:13","modified_gmt":"2025-06-24T17:09:13","slug":"cilindro-original-fastgas-oxido-nitroso","status":"publish","type":"product","link":"https:\/\/f-whip.info\/es\/producto\/cilindro-original-fastgas-oxido-nitroso\/","title":{"rendered":"FastGas Cargador de Crema Original 670g"},"excerpt":{"rendered":"<p>\u00d3xido nitroso de calidad europea en un envase de acero seguro y desechable.<\/p>\n<p>Eficiente y siempre a plena capacidad, este cilindro de 670g es el tama\u00f1o m\u00e1s vendido de nuestra marca reconocida globalmente.<\/p>\n<p>FastGas produce la nata montada m\u00e1s esponjosa, espumas para c\u00f3cteles, salsas y mucho m\u00e1s.<\/p>\n<p>El nuevo dise\u00f1o incluye c\u00f3digo QR de verificaci\u00f3n. <a href=\"https:\/\/f-whip.info\/es\/verify\/\">Aprenda c\u00f3mo verificar su botella<\/a>.<\/p>\n<p><strong>*Cada pallet de 670g contiene 75 cajas (6 cartuchos por caja)<\/strong><\/p>\n","protected":false},"featured_media":42269,"template":"","meta":{"_acf_changed":false},"product_brand":[],"product_cat":[459,460,498],"product_tag":[],"class_list":{"0":"post-19139","1":"product","2":"type-product","3":"status-publish","4":"has-post-thumbnail","6":"product_cat-cargas-para-nata-es","7":"product_cat-oxido-nitroso-es","8":"product_cat-todos","10":"first","11":"instock","12":"taxable","13":"shipping-taxable","14":"product-type-simple"},"acf":[],"_links":{"self":[{"href":"https:\/\/f-whip.info\/es\/wp-json\/wp\/v2\/product\/19139","targetHints":{"allow":["GET"]}}],"collection":[{"href":"https:\/\/f-whip.info\/es\/wp-json\/wp\/v2\/product"}],"about":[{"href":"https:\/\/f-whip.info\/es\/wp-json\/wp\/v2\/types\/product"}],"wp:featuredmedia":[{"embeddable":true,"href":"https:\/\/f-whip.info\/es\/wp-json\/wp\/v2\/media\/42269"}],"wp:attachment":[{"href":"https:\/\/f-whip.info\/es\/wp-json\/wp\/v2\/media?parent=19139"}],"wp:term":[{"taxonomy":"product_brand","embeddable":true,"href":"https:\/\/f-whip.info\/es\/wp-json\/wp\/v2\/product_brand?post=19139"},{"taxonomy":"product_cat","embeddable":true,"href":"https:\/\/f-whip.info\/es\/wp-json\/wp\/v2\/product_cat?post=19139"},{"taxonomy":"product_tag","embeddable":true,"href":"https:\/\/f-whip.info\/es\/wp-json\/wp\/v2\/product_tag?post=19139"}],"curies":[{"name":"wp","href":"https:\/\/api.w.org\/{rel}","templated":true}]}}