{"id":33681,"date":"2024-02-28T15:11:56","date_gmt":"2024-02-28T14:11:56","guid":{"rendered":"https:\/\/fast-gas.com\/?post_type=product&#038;p=33681"},"modified":"2025-06-24T19:06:04","modified_gmt":"2025-06-24T17:06:04","slug":"cilindro-oxido-nitroso-coco-fastgas-670-gramos","status":"publish","type":"product","link":"https:\/\/f-whip.info\/es\/producto\/cilindro-oxido-nitroso-coco-fastgas-670-gramos\/","title":{"rendered":"FastGas Cargador De Crema Sabor Coco 670g"},"excerpt":{"rendered":"<p>El reconocido N2O de FastGas pero con un delicioso sabor a coco.<\/p>\n<p>El de 670g es el tama\u00f1o m\u00e1s peque\u00f1o de nuestra gama: eficiente, desechable y siempre con la mejor calidad europea.<\/p>\n<p>FastGas crea la nata montada m\u00e1s esponjosa, espumas para c\u00f3cteles, salsas y m\u00e1s.<\/p>\n<p>El nuevo dise\u00f1o incluye c\u00f3digo QR de verificaci\u00f3n. <a href=\"https:\/\/f-whip.info\/es\/verify\/\">Aprenda c\u00f3mo verificar su botella<\/a>.<\/p>\n<p><strong>Incluido en una mezcla de 6 sabores.<br \/>\n*Cada pallet de 670g contiene 75 cajas (6 surtidos cartuchos por caja)<\/strong><\/p>\n","protected":false},"featured_media":42359,"template":"","meta":{"_acf_changed":false},"product_brand":[],"product_cat":[459,460,498],"product_tag":[],"class_list":{"0":"post-33681","1":"product","2":"type-product","3":"status-publish","4":"has-post-thumbnail","6":"product_cat-cargas-para-nata-es","7":"product_cat-oxido-nitroso-es","8":"product_cat-todos","10":"first","11":"instock","12":"taxable","13":"shipping-taxable","14":"product-type-simple"},"acf":[],"_links":{"self":[{"href":"https:\/\/f-whip.info\/es\/wp-json\/wp\/v2\/product\/33681","targetHints":{"allow":["GET"]}}],"collection":[{"href":"https:\/\/f-whip.info\/es\/wp-json\/wp\/v2\/product"}],"about":[{"href":"https:\/\/f-whip.info\/es\/wp-json\/wp\/v2\/types\/product"}],"wp:featuredmedia":[{"embeddable":true,"href":"https:\/\/f-whip.info\/es\/wp-json\/wp\/v2\/media\/42359"}],"wp:attachment":[{"href":"https:\/\/f-whip.info\/es\/wp-json\/wp\/v2\/media?parent=33681"}],"wp:term":[{"taxonomy":"product_brand","embeddable":true,"href":"https:\/\/f-whip.info\/es\/wp-json\/wp\/v2\/product_brand?post=33681"},{"taxonomy":"product_cat","embeddable":true,"href":"https:\/\/f-whip.info\/es\/wp-json\/wp\/v2\/product_cat?post=33681"},{"taxonomy":"product_tag","embeddable":true,"href":"https:\/\/f-whip.info\/es\/wp-json\/wp\/v2\/product_tag?post=33681"}],"curies":[{"name":"wp","href":"https:\/\/api.w.org\/{rel}","templated":true}]}}