{"id":34355,"date":"2023-08-17T08:27:36","date_gmt":"2023-08-17T06:27:36","guid":{"rendered":"https:\/\/fast-gas.com\/product\/fastgas-coconut-nitrous-oxide-cylinder-2000-grams\/"},"modified":"2025-06-24T18:59:32","modified_gmt":"2025-06-24T16:59:32","slug":"cilindro-de-oxido-nitroso-con-sabor-a-coco-fastgas-2000-gramos","status":"publish","type":"product","link":"https:\/\/f-whip.info\/es\/producto\/cilindro-de-oxido-nitroso-con-sabor-a-coco-fastgas-2000-gramos\/","title":{"rendered":"FastGas Cargador De Crema Sabor Coco 2000g"},"excerpt":{"rendered":"<p>Potencia la nata montada con el Cilindro de N2O Fast Gas Coconut, 2000 g de gas con sabor natural a coco. Ideal para pasteles y c\u00f3cteles. Haz tu pedido ahora, env\u00edo gratuito.<\/p>\n<p>Nuestro bote de mayor capacidad viene en un tama\u00f1o conveniente con una tira pr\u00e1ctica, lleno de delicioso N2O con sabor a coco.<\/p>\n<p>Lleno hasta su m\u00e1xima capacidad con gas de calidad europea y producido bajo estrictos protocolos de seguridad.<\/p>\n<p>El nuevo dise\u00f1o incluye c\u00f3digo QR de verificaci\u00f3n. <a href=\"https:\/\/f-whip.info\/es\/verify\/\">Aprenda c\u00f3mo verificar su botella<\/a>.<\/p>\n<p><strong>*Cada pallet de 2kg contiene 162 cajas (1 cartucho por caja)<\/strong><\/p>\n","protected":false},"featured_media":42516,"template":"","meta":{"_acf_changed":false},"product_brand":[],"product_cat":[459,460,498],"product_tag":[],"class_list":{"0":"post-34355","1":"product","2":"type-product","3":"status-publish","4":"has-post-thumbnail","6":"product_cat-cargas-para-nata-es","7":"product_cat-oxido-nitroso-es","8":"product_cat-todos","10":"first","11":"instock","12":"taxable","13":"shipping-taxable","14":"product-type-simple"},"acf":[],"_links":{"self":[{"href":"https:\/\/f-whip.info\/es\/wp-json\/wp\/v2\/product\/34355","targetHints":{"allow":["GET"]}}],"collection":[{"href":"https:\/\/f-whip.info\/es\/wp-json\/wp\/v2\/product"}],"about":[{"href":"https:\/\/f-whip.info\/es\/wp-json\/wp\/v2\/types\/product"}],"wp:featuredmedia":[{"embeddable":true,"href":"https:\/\/f-whip.info\/es\/wp-json\/wp\/v2\/media\/42516"}],"wp:attachment":[{"href":"https:\/\/f-whip.info\/es\/wp-json\/wp\/v2\/media?parent=34355"}],"wp:term":[{"taxonomy":"product_brand","embeddable":true,"href":"https:\/\/f-whip.info\/es\/wp-json\/wp\/v2\/product_brand?post=34355"},{"taxonomy":"product_cat","embeddable":true,"href":"https:\/\/f-whip.info\/es\/wp-json\/wp\/v2\/product_cat?post=34355"},{"taxonomy":"product_tag","embeddable":true,"href":"https:\/\/f-whip.info\/es\/wp-json\/wp\/v2\/product_tag?post=34355"}],"curies":[{"name":"wp","href":"https:\/\/api.w.org\/{rel}","templated":true}]}}