{"id":36008,"date":"2024-06-12T13:25:43","date_gmt":"2024-06-12T11:25:43","guid":{"rendered":"https:\/\/fast-gas.com\/?post_type=product&#038;p=36008"},"modified":"2025-03-25T10:36:05","modified_gmt":"2025-03-25T10:36:05","slug":"fastgas-creamer","status":"publish","type":"product","link":"https:\/\/f-whip.info\/es\/producto\/fastgas-creamer\/","title":{"rendered":"FastGas Creamer"},"excerpt":{"rendered":"<p>El accesorio definitivo para bar y cocina.<\/p>\n<p>Un dispensador innovador de N2O dise\u00f1ado espec\u00edficamente para la creaci\u00f3n de nata montada, espumas fr\u00edas y salsas. Compatible con nuestro cartucho FastGas de 670g.<\/p>\n<p>Tanto si eres un profesional como si experimentas en casa, la m\u00e1quina de nata est\u00e1 pensada para desatar tu creatividad.<\/p>\n<p>EL PRECIO DE VENTA RECOMENDADO es de 89,90 \u20ac<\/p>\n<p>Los sifones se venden por separado.<\/p>\n","protected":false},"featured_media":42728,"template":"","meta":{"_acf_changed":false},"product_brand":[],"product_cat":[459,460,498],"product_tag":[],"class_list":{"0":"post-36008","1":"product","2":"type-product","3":"status-publish","4":"has-post-thumbnail","6":"product_cat-cargas-para-nata-es","7":"product_cat-oxido-nitroso-es","8":"product_cat-todos","10":"first","11":"instock","12":"taxable","13":"shipping-taxable","14":"product-type-simple"},"acf":[],"_links":{"self":[{"href":"https:\/\/f-whip.info\/es\/wp-json\/wp\/v2\/product\/36008","targetHints":{"allow":["GET"]}}],"collection":[{"href":"https:\/\/f-whip.info\/es\/wp-json\/wp\/v2\/product"}],"about":[{"href":"https:\/\/f-whip.info\/es\/wp-json\/wp\/v2\/types\/product"}],"wp:featuredmedia":[{"embeddable":true,"href":"https:\/\/f-whip.info\/es\/wp-json\/wp\/v2\/media\/42728"}],"wp:attachment":[{"href":"https:\/\/f-whip.info\/es\/wp-json\/wp\/v2\/media?parent=36008"}],"wp:term":[{"taxonomy":"product_brand","embeddable":true,"href":"https:\/\/f-whip.info\/es\/wp-json\/wp\/v2\/product_brand?post=36008"},{"taxonomy":"product_cat","embeddable":true,"href":"https:\/\/f-whip.info\/es\/wp-json\/wp\/v2\/product_cat?post=36008"},{"taxonomy":"product_tag","embeddable":true,"href":"https:\/\/f-whip.info\/es\/wp-json\/wp\/v2\/product_tag?post=36008"}],"curies":[{"name":"wp","href":"https:\/\/api.w.org\/{rel}","templated":true}]}}