{"id":42093,"date":"2025-03-18T13:11:02","date_gmt":"2025-03-18T12:11:02","guid":{"rendered":"https:\/\/staging.fast-gas.com\/?post_type=product&#038;p=42093"},"modified":"2025-06-24T19:02:23","modified_gmt":"2025-06-24T17:02:23","slug":"cargador-de-crema-670g-uva","status":"publish","type":"product","link":"https:\/\/f-whip.info\/es\/producto\/cargador-de-crema-670g-uva\/","title":{"rendered":"FastGas Cream Charger Uva 670g"},"excerpt":{"rendered":"<p>\u00a1Uva, gloriosa uva!<\/p>\n<p>Ahora, nuestro exitoso formato de 670 g viene en un sabor fresco y jugoso, perfecto para coberturas de postres y bebidas elegantes.<\/p>\n<p>El cilindro de acero desechable cuenta con el \u00f3xido nitroso de calidad europea habitual.<\/p>\n<p>FastGas logra las cremas batidas m\u00e1s esponjosas, espumas para c\u00f3cteles, salsas y mucho m\u00e1s.<\/p>\n<p>El nuevo dise\u00f1o incluye un c\u00f3digo QR de verificaci\u00f3n. <a href=\"https:\/\/f-whip.info\/es\/verify\/\">Aprende c\u00f3mo verificar tu botella.<\/a><\/p>\n<p><strong>Incluido en una mezcla de 6 sabores.<br \/>\n*Cada pal\u00e9 de 670 g contiene 75 cajas (6 surtidos cilindros por caja)<\/strong><\/p>\n","protected":false},"featured_media":42672,"template":"","meta":{"_acf_changed":false},"product_brand":[],"product_cat":[459,460,498],"product_tag":[],"class_list":{"0":"post-42093","1":"product","2":"type-product","3":"status-publish","4":"has-post-thumbnail","6":"product_cat-cargas-para-nata-es","7":"product_cat-oxido-nitroso-es","8":"product_cat-todos","10":"first","11":"instock","12":"taxable","13":"shipping-taxable","14":"product-type-simple"},"acf":[],"_links":{"self":[{"href":"https:\/\/f-whip.info\/es\/wp-json\/wp\/v2\/product\/42093","targetHints":{"allow":["GET"]}}],"collection":[{"href":"https:\/\/f-whip.info\/es\/wp-json\/wp\/v2\/product"}],"about":[{"href":"https:\/\/f-whip.info\/es\/wp-json\/wp\/v2\/types\/product"}],"wp:featuredmedia":[{"embeddable":true,"href":"https:\/\/f-whip.info\/es\/wp-json\/wp\/v2\/media\/42672"}],"wp:attachment":[{"href":"https:\/\/f-whip.info\/es\/wp-json\/wp\/v2\/media?parent=42093"}],"wp:term":[{"taxonomy":"product_brand","embeddable":true,"href":"https:\/\/f-whip.info\/es\/wp-json\/wp\/v2\/product_brand?post=42093"},{"taxonomy":"product_cat","embeddable":true,"href":"https:\/\/f-whip.info\/es\/wp-json\/wp\/v2\/product_cat?post=42093"},{"taxonomy":"product_tag","embeddable":true,"href":"https:\/\/f-whip.info\/es\/wp-json\/wp\/v2\/product_tag?post=42093"}],"curies":[{"name":"wp","href":"https:\/\/api.w.org\/{rel}","templated":true}]}}