{"id":42104,"date":"2025-03-18T12:15:38","date_gmt":"2025-03-18T11:15:38","guid":{"rendered":"https:\/\/staging.fast-gas.com\/?post_type=product&#038;p=42104"},"modified":"2025-06-24T19:05:40","modified_gmt":"2025-06-24T17:05:40","slug":"cargador-de-crema-670g-manzana-verde","status":"publish","type":"product","link":"https:\/\/f-whip.info\/es\/producto\/cargador-de-crema-670g-manzana-verde\/","title":{"rendered":"FastGas Cargador De Crema Sabor Manzana Verde 670g"},"excerpt":{"rendered":"<p>\u00a1El sabor de una manzana reci\u00e9n recogida!<\/p>\n<p>Nuestro formato m\u00e1s vendido de 670 g ahora llega con un intenso y refrescante sabor a manzana verde, que dar\u00e1 el toque perfecto a cualquier bebida o plato.<\/p>\n<p>El cilindro de acero desechable cuenta con el \u00f3xido nitroso de calidad europea habitual.<\/p>\n<p>FastGas logra las cremas batidas m\u00e1s esponjosas, espumas para c\u00f3cteles, salsas y mucho m\u00e1s.<\/p>\n<p>El nuevo dise\u00f1o incluye un c\u00f3digo QR de verificaci\u00f3n. <a href=\"https:\/\/f-whip.info\/es\/verify\/\">Aprende c\u00f3mo verificar tu botella.<\/a><\/p>\n<p><strong>Incluido en una mezcla de 6 sabores.<br \/>\n*Cada pal\u00e9 de 670 g contiene 75 cajas (6 surtidos cilindros por caja)<\/strong><\/p>\n","protected":false},"featured_media":42605,"template":"","meta":{"_acf_changed":false},"product_brand":[],"product_cat":[459,460,498],"product_tag":[],"class_list":{"0":"post-42104","1":"product","2":"type-product","3":"status-publish","4":"has-post-thumbnail","6":"product_cat-cargas-para-nata-es","7":"product_cat-oxido-nitroso-es","8":"product_cat-todos","10":"first","11":"instock","12":"taxable","13":"shipping-taxable","14":"product-type-simple"},"acf":[],"_links":{"self":[{"href":"https:\/\/f-whip.info\/es\/wp-json\/wp\/v2\/product\/42104","targetHints":{"allow":["GET"]}}],"collection":[{"href":"https:\/\/f-whip.info\/es\/wp-json\/wp\/v2\/product"}],"about":[{"href":"https:\/\/f-whip.info\/es\/wp-json\/wp\/v2\/types\/product"}],"wp:featuredmedia":[{"embeddable":true,"href":"https:\/\/f-whip.info\/es\/wp-json\/wp\/v2\/media\/42605"}],"wp:attachment":[{"href":"https:\/\/f-whip.info\/es\/wp-json\/wp\/v2\/media?parent=42104"}],"wp:term":[{"taxonomy":"product_brand","embeddable":true,"href":"https:\/\/f-whip.info\/es\/wp-json\/wp\/v2\/product_brand?post=42104"},{"taxonomy":"product_cat","embeddable":true,"href":"https:\/\/f-whip.info\/es\/wp-json\/wp\/v2\/product_cat?post=42104"},{"taxonomy":"product_tag","embeddable":true,"href":"https:\/\/f-whip.info\/es\/wp-json\/wp\/v2\/product_tag?post=42104"}],"curies":[{"name":"wp","href":"https:\/\/api.w.org\/{rel}","templated":true}]}}