{"id":42137,"date":"2025-03-18T13:26:42","date_gmt":"2025-03-18T12:26:42","guid":{"rendered":"https:\/\/staging.fast-gas.com\/?post_type=product&#038;p=42137"},"modified":"2025-03-27T08:49:22","modified_gmt":"2025-03-27T08:49:22","slug":"sifon-de-crema","status":"publish","type":"product","link":"https:\/\/f-whip.info\/es\/producto\/sifon-de-crema\/","title":{"rendered":"Sif\u00f3n"},"excerpt":{"rendered":"<p>El sif\u00f3n de crema FastGas est\u00e1 dise\u00f1ado para dispensar el producto final: cremas batidas, espumas y mousses en tus creaciones culinarias o de bar.<\/p>\n<p>Compatible con el FastGas Creamer y el regulador de presi\u00f3n FastGas, as\u00ed como con la mayor\u00eda de los est\u00e1ndares de la industria.<\/p>\n<p>Solo adecuado para mezclas fr\u00edas.<\/p>\n","protected":false},"featured_media":42739,"template":"","meta":{"_acf_changed":false},"product_brand":[],"product_cat":[459,460,498],"product_tag":[],"class_list":{"0":"post-42137","1":"product","2":"type-product","3":"status-publish","4":"has-post-thumbnail","6":"product_cat-cargas-para-nata-es","7":"product_cat-oxido-nitroso-es","8":"product_cat-todos","10":"first","11":"instock","12":"taxable","13":"shipping-taxable","14":"product-type-simple"},"acf":[],"_links":{"self":[{"href":"https:\/\/f-whip.info\/es\/wp-json\/wp\/v2\/product\/42137","targetHints":{"allow":["GET"]}}],"collection":[{"href":"https:\/\/f-whip.info\/es\/wp-json\/wp\/v2\/product"}],"about":[{"href":"https:\/\/f-whip.info\/es\/wp-json\/wp\/v2\/types\/product"}],"wp:featuredmedia":[{"embeddable":true,"href":"https:\/\/f-whip.info\/es\/wp-json\/wp\/v2\/media\/42739"}],"wp:attachment":[{"href":"https:\/\/f-whip.info\/es\/wp-json\/wp\/v2\/media?parent=42137"}],"wp:term":[{"taxonomy":"product_brand","embeddable":true,"href":"https:\/\/f-whip.info\/es\/wp-json\/wp\/v2\/product_brand?post=42137"},{"taxonomy":"product_cat","embeddable":true,"href":"https:\/\/f-whip.info\/es\/wp-json\/wp\/v2\/product_cat?post=42137"},{"taxonomy":"product_tag","embeddable":true,"href":"https:\/\/f-whip.info\/es\/wp-json\/wp\/v2\/product_tag?post=42137"}],"curies":[{"name":"wp","href":"https:\/\/api.w.org\/{rel}","templated":true}]}}