{"id":43135,"date":"2025-03-24T14:45:52","date_gmt":"2025-03-24T13:45:52","guid":{"rendered":"https:\/\/staging.fast-gas.com\/product\/cream-chargers-670g-6-bottles-box-mixed-2\/"},"modified":"2025-06-24T18:59:58","modified_gmt":"2025-06-24T16:59:58","slug":"cargadores-de-crema-670g-6-botellas-caja-mezclada","status":"publish","type":"product","link":"https:\/\/f-whip.info\/es\/producto\/cargadores-de-crema-670g-6-botellas-caja-mezclada\/","title":{"rendered":"FastGas Caja De Sabores Variados \u2013 670g"},"excerpt":{"rendered":"<p>FastGas va con todo con esta caja perfectamente seleccionada de 6 deliciosos sabores de N2O.<\/p>\n<p>Desata tu creatividad en bebidas y platos con nuestro N2O de calidad europea, un \u00e9xito de ventas que ofrece los sabores m\u00e1s interesantes: fresa, coco, uva, manzana verde, pl\u00e1tano y ar\u00e1ndano.<\/p>\n<p>Cada uno de los 6 botes de 670 g es un recipiente de acero seguro y desechable.<\/p>\n<p>FastGas logra las cremas batidas m\u00e1s esponjosas, espumas para c\u00f3cteles, salsas y m\u00e1s.<\/p>\n<p>El nuevo dise\u00f1o incluye un c\u00f3digo QR para verificaci\u00f3n. <a href=\"https:\/\/f-whip.info\/es\/verify\/\">Aprende c\u00f3mo verificar tu botella.<\/a><\/p>\n<div class=\"woocommerce-product-details__short-description fast-gas\">\n<p><strong>*Cada pal\u00e9 de 670 g contiene 75 cajas (6 cilindros por caja)<\/strong><\/p>\n<\/div>\n","protected":false},"featured_media":42627,"template":"","meta":{"_acf_changed":false},"product_brand":[],"product_cat":[459,460,498],"product_tag":[],"class_list":{"0":"post-43135","1":"product","2":"type-product","3":"status-publish","4":"has-post-thumbnail","6":"product_cat-cargas-para-nata-es","7":"product_cat-oxido-nitroso-es","8":"product_cat-todos","10":"first","11":"instock","12":"taxable","13":"shipping-taxable","14":"product-type-simple"},"acf":[],"_links":{"self":[{"href":"https:\/\/f-whip.info\/es\/wp-json\/wp\/v2\/product\/43135","targetHints":{"allow":["GET"]}}],"collection":[{"href":"https:\/\/f-whip.info\/es\/wp-json\/wp\/v2\/product"}],"about":[{"href":"https:\/\/f-whip.info\/es\/wp-json\/wp\/v2\/types\/product"}],"wp:featuredmedia":[{"embeddable":true,"href":"https:\/\/f-whip.info\/es\/wp-json\/wp\/v2\/media\/42627"}],"wp:attachment":[{"href":"https:\/\/f-whip.info\/es\/wp-json\/wp\/v2\/media?parent=43135"}],"wp:term":[{"taxonomy":"product_brand","embeddable":true,"href":"https:\/\/f-whip.info\/es\/wp-json\/wp\/v2\/product_brand?post=43135"},{"taxonomy":"product_cat","embeddable":true,"href":"https:\/\/f-whip.info\/es\/wp-json\/wp\/v2\/product_cat?post=43135"},{"taxonomy":"product_tag","embeddable":true,"href":"https:\/\/f-whip.info\/es\/wp-json\/wp\/v2\/product_tag?post=43135"}],"curies":[{"name":"wp","href":"https:\/\/api.w.org\/{rel}","templated":true}]}}