{"id":22050,"date":"2022-07-06T07:17:02","date_gmt":"2022-07-06T05:17:02","guid":{"rendered":"https:\/\/fast-gas.com\/product\/615g-cream-charger-with-nitrous-oxide-fast-gas-cream-charger\/"},"modified":"2025-06-24T16:55:51","modified_gmt":"2025-06-24T14:55:51","slug":"fastgas-original-hiilidioksidipatruuna","status":"publish","type":"product","link":"https:\/\/f-whip.info\/fi\/tuote\/fastgas-original-hiilidioksidipatruuna\/","title":{"rendered":"FastGas Kermavaahtopatruuna Original 670g"},"excerpt":{"rendered":"<p>Eurooppalaislaatuista hiilidioksidia turvallisessa ja kertak\u00e4ytt\u00f6isess\u00e4 ter\u00e4ss\u00e4ili\u00f6ss\u00e4.<\/p>\n<p>Tehokas ja aina t\u00e4ydell\u00e4 kapasiteetilla, t\u00e4m\u00e4 670g s\u00e4ili\u00f6 on myydyin koko maailmanlaajuisesti tunnetussa tuotemerkiss\u00e4mme.<\/p>\n<p>FastGas tekee kuohkeinta kermavaahtoa, espumia cocktaileihin, kastikkeita ja paljon muuta.<\/p>\n<p>Uusi muotoilu sis\u00e4lt\u00e4\u00e4 varmistus-QR-koodin. <a href=\"https:\/\/f-whip.info\/fi\/verify\/\">Opi vahvistamaan pullosi<\/a>.<\/p>\n<p><strong>*Jokainen 670 g:n lava sis\u00e4lt\u00e4\u00e4 75 laatikkoa (6 kanisteria per laatikko)<\/strong><\/p>\n","protected":false},"featured_media":42264,"template":"","meta":{"_acf_changed":false},"product_brand":[],"product_cat":[496,447,448],"product_tag":[],"class_list":{"0":"post-22050","1":"product","2":"type-product","3":"status-publish","4":"has-post-thumbnail","6":"product_cat-kaikille","7":"product_cat-kerma-annostelijat-fi","8":"product_cat-typpioksiduuli-fi","10":"first","11":"instock","12":"taxable","13":"shipping-taxable","14":"product-type-simple"},"acf":[],"_links":{"self":[{"href":"https:\/\/f-whip.info\/fi\/wp-json\/wp\/v2\/product\/22050","targetHints":{"allow":["GET"]}}],"collection":[{"href":"https:\/\/f-whip.info\/fi\/wp-json\/wp\/v2\/product"}],"about":[{"href":"https:\/\/f-whip.info\/fi\/wp-json\/wp\/v2\/types\/product"}],"wp:featuredmedia":[{"embeddable":true,"href":"https:\/\/f-whip.info\/fi\/wp-json\/wp\/v2\/media\/42264"}],"wp:attachment":[{"href":"https:\/\/f-whip.info\/fi\/wp-json\/wp\/v2\/media?parent=22050"}],"wp:term":[{"taxonomy":"product_brand","embeddable":true,"href":"https:\/\/f-whip.info\/fi\/wp-json\/wp\/v2\/product_brand?post=22050"},{"taxonomy":"product_cat","embeddable":true,"href":"https:\/\/f-whip.info\/fi\/wp-json\/wp\/v2\/product_cat?post=22050"},{"taxonomy":"product_tag","embeddable":true,"href":"https:\/\/f-whip.info\/fi\/wp-json\/wp\/v2\/product_tag?post=22050"}],"curies":[{"name":"wp","href":"https:\/\/api.w.org\/{rel}","templated":true}]}}