{"id":33661,"date":"2024-02-28T15:11:56","date_gmt":"2024-02-28T14:11:56","guid":{"rendered":"https:\/\/fast-gas.com\/?post_type=product&#038;p=33661"},"modified":"2025-06-30T20:21:41","modified_gmt":"2025-06-30T18:21:41","slug":"fastgas-kookos-naurunokaistaalipatruuna-670-grammaa","status":"publish","type":"product","link":"https:\/\/f-whip.info\/fi\/tuote\/fastgas-kookos-naurunokaistaalipatruuna-670-grammaa\/","title":{"rendered":"FastGas Kermavaahtopatruuna Kookoksen Maku 670g"},"excerpt":{"rendered":"<p>Tunnettu FastGas N2O, mutta herkullisella kookoksen maulla.<\/p>\n<p>670 gramman pakkaus on pienin kokomme valikoimassa: tehokas, kertak\u00e4ytt\u00f6inen ja aina parasta eurooppalaista laatua.<\/p>\n<p>FastGas luo kuohkeimman kermavaahdon, espumat cocktaileihin, kastikkeet ja muut herkut.<\/p>\n<p>Uusi muotoilu sis\u00e4lt\u00e4\u00e4 varmistus-QR-koodin. <a href=\"https:\/\/f-whip.info\/fi\/verify\/\">Opi vahvistamaan pullosi<\/a>.<\/p>\n<p><strong>Sis\u00e4ltyy 6 maun sekoitukseen.<br \/>\n*Jokainen 670 g:n lava sis\u00e4lt\u00e4\u00e4 75 laatikkoa (6 lajiteltua kanisteria per laatikko)<\/strong><\/p>\n","protected":false},"featured_media":42354,"template":"","meta":{"_acf_changed":false},"product_brand":[],"product_cat":[496,447,448],"product_tag":[],"class_list":{"0":"post-33661","1":"product","2":"type-product","3":"status-publish","4":"has-post-thumbnail","6":"product_cat-kaikille","7":"product_cat-kerma-annostelijat-fi","8":"product_cat-typpioksiduuli-fi","10":"first","11":"instock","12":"taxable","13":"shipping-taxable","14":"product-type-simple"},"acf":[],"_links":{"self":[{"href":"https:\/\/f-whip.info\/fi\/wp-json\/wp\/v2\/product\/33661","targetHints":{"allow":["GET"]}}],"collection":[{"href":"https:\/\/f-whip.info\/fi\/wp-json\/wp\/v2\/product"}],"about":[{"href":"https:\/\/f-whip.info\/fi\/wp-json\/wp\/v2\/types\/product"}],"wp:featuredmedia":[{"embeddable":true,"href":"https:\/\/f-whip.info\/fi\/wp-json\/wp\/v2\/media\/42354"}],"wp:attachment":[{"href":"https:\/\/f-whip.info\/fi\/wp-json\/wp\/v2\/media?parent=33661"}],"wp:term":[{"taxonomy":"product_brand","embeddable":true,"href":"https:\/\/f-whip.info\/fi\/wp-json\/wp\/v2\/product_brand?post=33661"},{"taxonomy":"product_cat","embeddable":true,"href":"https:\/\/f-whip.info\/fi\/wp-json\/wp\/v2\/product_cat?post=33661"},{"taxonomy":"product_tag","embeddable":true,"href":"https:\/\/f-whip.info\/fi\/wp-json\/wp\/v2\/product_tag?post=33661"}],"curies":[{"name":"wp","href":"https:\/\/api.w.org\/{rel}","templated":true}]}}