{"id":33928,"date":"2023-08-17T08:27:33","date_gmt":"2023-08-17T06:27:33","guid":{"rendered":"https:\/\/fast-gas.com\/product\/fastgas-original-nitrous-oxide-cylinder-2000-grams\/"},"modified":"2025-06-24T16:56:42","modified_gmt":"2025-06-24T14:56:42","slug":"fastgas-original-typpikaasusylinteri-2000-grammaa","status":"publish","type":"product","link":"https:\/\/f-whip.info\/fi\/tuote\/fastgas-original-typpikaasusylinteri-2000-grammaa\/","title":{"rendered":"FastGas Kermavaahtopatruuna Original 2000g"},"excerpt":{"rendered":"<p>Suurin kapasiteettimme sylinteri on k\u00e4tev\u00e4n kokoinen ja varustettu k\u00e4tev\u00e4ll\u00e4 hihnalla.<\/p>\n<p>T\u00e4ytetty kapasiteettiinsa Euroopan laatustandardien mukaista typpioksidia noudattaen tiukkoja turvallisuusprotokollia.<\/p>\n<p>FastGas tuottaa kuohkeimman kermavaahdon, espumat cocktaileihin, kastikkeet ja muuta.<\/p>\n<p>Uusi muotoilu sis\u00e4lt\u00e4\u00e4 varmistus-QR-koodin. <a href=\"https:\/\/f-whip.info\/fi\/verify\/\">Opi vahvistamaan pullosi<\/a>.<\/p>\n<p><strong>*Jokainen 2 kg:n lava sis\u00e4lt\u00e4\u00e4 162 laatikkoa (1 kanisteri per laatikko)<\/strong><\/p>\n","protected":false},"featured_media":42399,"template":"","meta":{"_acf_changed":false},"product_brand":[],"product_cat":[496,447,448],"product_tag":[],"class_list":{"0":"post-33928","1":"product","2":"type-product","3":"status-publish","4":"has-post-thumbnail","6":"product_cat-kaikille","7":"product_cat-kerma-annostelijat-fi","8":"product_cat-typpioksiduuli-fi","10":"first","11":"instock","12":"taxable","13":"shipping-taxable","14":"product-type-simple"},"acf":[],"_links":{"self":[{"href":"https:\/\/f-whip.info\/fi\/wp-json\/wp\/v2\/product\/33928","targetHints":{"allow":["GET"]}}],"collection":[{"href":"https:\/\/f-whip.info\/fi\/wp-json\/wp\/v2\/product"}],"about":[{"href":"https:\/\/f-whip.info\/fi\/wp-json\/wp\/v2\/types\/product"}],"wp:featuredmedia":[{"embeddable":true,"href":"https:\/\/f-whip.info\/fi\/wp-json\/wp\/v2\/media\/42399"}],"wp:attachment":[{"href":"https:\/\/f-whip.info\/fi\/wp-json\/wp\/v2\/media?parent=33928"}],"wp:term":[{"taxonomy":"product_brand","embeddable":true,"href":"https:\/\/f-whip.info\/fi\/wp-json\/wp\/v2\/product_brand?post=33928"},{"taxonomy":"product_cat","embeddable":true,"href":"https:\/\/f-whip.info\/fi\/wp-json\/wp\/v2\/product_cat?post=33928"},{"taxonomy":"product_tag","embeddable":true,"href":"https:\/\/f-whip.info\/fi\/wp-json\/wp\/v2\/product_tag?post=33928"}],"curies":[{"name":"wp","href":"https:\/\/api.w.org\/{rel}","templated":true}]}}