{"id":35988,"date":"2024-06-12T13:25:43","date_gmt":"2024-06-12T11:25:43","guid":{"rendered":"https:\/\/fast-gas.com\/?post_type=product&#038;p=35988"},"modified":"2025-07-03T16:40:35","modified_gmt":"2025-07-03T14:40:35","slug":"fastgas-kermakapseli","status":"publish","type":"product","link":"https:\/\/f-whip.info\/fi\/tuote\/fastgas-kermakapseli\/","title":{"rendered":"FastGas Kermakapseli"},"excerpt":{"rendered":"<p>Ehdoton baarin ja keitti\u00f6n lis\u00e4varuste.<\/p>\n<p>Innovatiivinen N2O-annostelija, joka on r\u00e4\u00e4t\u00e4l\u00f6ity kermavaahdon, kylm\u00e4vaahtojen ja kastikkeiden luomiseen. Yhteensopiva FastGas 670g-kaasus\u00e4ili\u00f6mme kanssa.<\/p>\n<p>Olitpa ammattilainen tai kokeilet kotona, kermakone on suunniteltu vapauttamaan luovuutesi.<\/p>\n<p>SUOSITUSHINTA on 89,90 \u20ac<\/p>\n<p>Sifonit myyd\u00e4\u00e4n erikseen.<\/p>\n","protected":false},"featured_media":42723,"template":"","meta":{"_acf_changed":false},"product_brand":[],"product_cat":[496,447,448],"product_tag":[],"class_list":{"0":"post-35988","1":"product","2":"type-product","3":"status-publish","4":"has-post-thumbnail","6":"product_cat-kaikille","7":"product_cat-kerma-annostelijat-fi","8":"product_cat-typpioksiduuli-fi","10":"first","11":"instock","12":"taxable","13":"shipping-taxable","14":"product-type-simple"},"acf":[],"_links":{"self":[{"href":"https:\/\/f-whip.info\/fi\/wp-json\/wp\/v2\/product\/35988","targetHints":{"allow":["GET"]}}],"collection":[{"href":"https:\/\/f-whip.info\/fi\/wp-json\/wp\/v2\/product"}],"about":[{"href":"https:\/\/f-whip.info\/fi\/wp-json\/wp\/v2\/types\/product"}],"wp:featuredmedia":[{"embeddable":true,"href":"https:\/\/f-whip.info\/fi\/wp-json\/wp\/v2\/media\/42723"}],"wp:attachment":[{"href":"https:\/\/f-whip.info\/fi\/wp-json\/wp\/v2\/media?parent=35988"}],"wp:term":[{"taxonomy":"product_brand","embeddable":true,"href":"https:\/\/f-whip.info\/fi\/wp-json\/wp\/v2\/product_brand?post=35988"},{"taxonomy":"product_cat","embeddable":true,"href":"https:\/\/f-whip.info\/fi\/wp-json\/wp\/v2\/product_cat?post=35988"},{"taxonomy":"product_tag","embeddable":true,"href":"https:\/\/f-whip.info\/fi\/wp-json\/wp\/v2\/product_tag?post=35988"}],"curies":[{"name":"wp","href":"https:\/\/api.w.org\/{rel}","templated":true}]}}