{"id":42099,"date":"2025-03-18T12:15:38","date_gmt":"2025-03-18T11:15:38","guid":{"rendered":"https:\/\/staging.fast-gas.com\/?post_type=product&#038;p=42099"},"modified":"2025-06-24T17:01:04","modified_gmt":"2025-06-24T15:01:04","slug":"kermapatruuna-670g-vihrea-omena","status":"publish","type":"product","link":"https:\/\/f-whip.info\/fi\/tuote\/kermapatruuna-670g-vihrea-omena\/","title":{"rendered":"FastGas Kermavaahtopatruuna Vihre\u00e4n Omenan Maku 670g"},"excerpt":{"rendered":"<p>Tuoreeltaan poimitun omenan maku!<\/p>\n<p>Suosikkituotteemme, 670 g, on nyt saatavilla voimakkaan raikkaan vihre\u00e4n omenan makuisena, joka antaa t\u00e4ydellisen pirskahduksen mihin tahansa juomaan tai ruokaan.<\/p>\n<p>Kertak\u00e4ytt\u00f6inen ter\u00e4ss\u00e4ili\u00f6 sis\u00e4lt\u00e4\u00e4 tuttuakin eurooppalaista huippulaatuista ilokaasua.<\/p>\n<p>FastGas takaa kuohkeimmat kermavaahdot, espumat cocktaileihin, kastikkeisiin ja paljon muuta.<\/p>\n<p>Uudessa designissa on QR-koodi varmennusta varten. <a href=\"https:\/\/f-whip.info\/fi\/verify\/\">Opi, miten voit varmistaa pullosi aitouden.<\/a><\/p>\n<p><strong>Sis\u00e4ltyy 6 maun sekoitukseen.<br \/>\n*Jokainen 670 g lava sis\u00e4lt\u00e4\u00e4 75 laatikkoa (6 lajiteltua s\u00e4ili\u00f6t\u00e4 per laatikko)<\/strong><\/p>\n","protected":false},"featured_media":42600,"template":"","meta":{"_acf_changed":false},"product_brand":[],"product_cat":[496,447,448],"product_tag":[],"class_list":{"0":"post-42099","1":"product","2":"type-product","3":"status-publish","4":"has-post-thumbnail","6":"product_cat-kaikille","7":"product_cat-kerma-annostelijat-fi","8":"product_cat-typpioksiduuli-fi","10":"first","11":"instock","12":"taxable","13":"shipping-taxable","14":"product-type-simple"},"acf":[],"_links":{"self":[{"href":"https:\/\/f-whip.info\/fi\/wp-json\/wp\/v2\/product\/42099","targetHints":{"allow":["GET"]}}],"collection":[{"href":"https:\/\/f-whip.info\/fi\/wp-json\/wp\/v2\/product"}],"about":[{"href":"https:\/\/f-whip.info\/fi\/wp-json\/wp\/v2\/types\/product"}],"wp:featuredmedia":[{"embeddable":true,"href":"https:\/\/f-whip.info\/fi\/wp-json\/wp\/v2\/media\/42600"}],"wp:attachment":[{"href":"https:\/\/f-whip.info\/fi\/wp-json\/wp\/v2\/media?parent=42099"}],"wp:term":[{"taxonomy":"product_brand","embeddable":true,"href":"https:\/\/f-whip.info\/fi\/wp-json\/wp\/v2\/product_brand?post=42099"},{"taxonomy":"product_cat","embeddable":true,"href":"https:\/\/f-whip.info\/fi\/wp-json\/wp\/v2\/product_cat?post=42099"},{"taxonomy":"product_tag","embeddable":true,"href":"https:\/\/f-whip.info\/fi\/wp-json\/wp\/v2\/product_tag?post=42099"}],"curies":[{"name":"wp","href":"https:\/\/api.w.org\/{rel}","templated":true}]}}