{"id":42110,"date":"2025-03-18T13:13:48","date_gmt":"2025-03-18T12:13:48","guid":{"rendered":"https:\/\/staging.fast-gas.com\/?post_type=product&#038;p=42110"},"modified":"2025-06-24T17:05:40","modified_gmt":"2025-06-24T15:05:40","slug":"kermapatruuna-670g-banaani","status":"publish","type":"product","link":"https:\/\/f-whip.info\/fi\/tuote\/kermapatruuna-670g-banaani\/","title":{"rendered":"FastGas Kermavaahtopatruuna Banaanin Maku 670g"},"excerpt":{"rendered":"<p>Hulluttele banaanin parissa!<\/p>\n<p>Huippusuosittu 670 g -tuotteemme on nyt saatavilla t\u00e4ytel\u00e4isen ja tunnistettavan banaanin makuisena, joka saa kaikki haluamaan lis\u00e4\u00e4!<\/p>\n<p>Kertak\u00e4ytt\u00f6inen ter\u00e4ss\u00e4ili\u00f6 sis\u00e4lt\u00e4\u00e4 totutusti eurooppalaista huippulaatuista ilokaasua.<\/p>\n<p>FastGas takaa kuohkeimmat kermavaahdot, espumat cocktaileihin, kastikkeisiin ja paljon muuta.<\/p>\n<p>Uudessa designissa on QR-koodi varmennusta varten. <a href=\"https:\/\/f-whip.info\/fi\/verify\/\">Opi, miten voit varmentaa pullosi.<\/a><\/p>\n<p><strong>Sis\u00e4ltyy 6 maun sekoitukseen.<br \/>\n*Jokainen 670 g lava sis\u00e4lt\u00e4\u00e4 75 laatikkoa (6 lajiteltua s\u00e4ili\u00f6t\u00e4 per laatikko)<\/strong><\/p>\n","protected":false},"featured_media":42690,"template":"","meta":{"_acf_changed":false},"product_brand":[],"product_cat":[496,447,448],"product_tag":[],"class_list":{"0":"post-42110","1":"product","2":"type-product","3":"status-publish","4":"has-post-thumbnail","6":"product_cat-kaikille","7":"product_cat-kerma-annostelijat-fi","8":"product_cat-typpioksiduuli-fi","10":"first","11":"instock","12":"taxable","13":"shipping-taxable","14":"product-type-simple"},"acf":[],"_links":{"self":[{"href":"https:\/\/f-whip.info\/fi\/wp-json\/wp\/v2\/product\/42110","targetHints":{"allow":["GET"]}}],"collection":[{"href":"https:\/\/f-whip.info\/fi\/wp-json\/wp\/v2\/product"}],"about":[{"href":"https:\/\/f-whip.info\/fi\/wp-json\/wp\/v2\/types\/product"}],"wp:featuredmedia":[{"embeddable":true,"href":"https:\/\/f-whip.info\/fi\/wp-json\/wp\/v2\/media\/42690"}],"wp:attachment":[{"href":"https:\/\/f-whip.info\/fi\/wp-json\/wp\/v2\/media?parent=42110"}],"wp:term":[{"taxonomy":"product_brand","embeddable":true,"href":"https:\/\/f-whip.info\/fi\/wp-json\/wp\/v2\/product_brand?post=42110"},{"taxonomy":"product_cat","embeddable":true,"href":"https:\/\/f-whip.info\/fi\/wp-json\/wp\/v2\/product_cat?post=42110"},{"taxonomy":"product_tag","embeddable":true,"href":"https:\/\/f-whip.info\/fi\/wp-json\/wp\/v2\/product_tag?post=42110"}],"curies":[{"name":"wp","href":"https:\/\/api.w.org\/{rel}","templated":true}]}}