{"id":42132,"date":"2025-03-18T13:26:42","date_gmt":"2025-03-18T12:26:42","guid":{"rendered":"https:\/\/staging.fast-gas.com\/?post_type=product&#038;p=42132"},"modified":"2025-07-03T16:41:52","modified_gmt":"2025-07-03T14:41:52","slug":"kermasifoni","status":"publish","type":"product","link":"https:\/\/f-whip.info\/fi\/tuote\/kermasifoni\/","title":{"rendered":"Sifoni"},"excerpt":{"rendered":"<p>FastGas-kermasifoni on suunniteltu annostelemaan lopputuote: kermavaahdot, espumat ja vaahdot kulinaarisiin tai baariluomuksiisi.<\/p>\n<p>Yhteensopiva FastGas Creamerin ja FastGas-paines\u00e4\u00e4timen kanssa sek\u00e4 useimpien alan standardien kanssa.<\/p>\n<p>Sopii vain kylmille seoksille.<\/p>\n","protected":false},"featured_media":42734,"template":"","meta":{"_acf_changed":false},"product_brand":[],"product_cat":[496,447,448],"product_tag":[],"class_list":{"0":"post-42132","1":"product","2":"type-product","3":"status-publish","4":"has-post-thumbnail","6":"product_cat-kaikille","7":"product_cat-kerma-annostelijat-fi","8":"product_cat-typpioksiduuli-fi","10":"first","11":"instock","12":"taxable","13":"shipping-taxable","14":"product-type-simple"},"acf":[],"_links":{"self":[{"href":"https:\/\/f-whip.info\/fi\/wp-json\/wp\/v2\/product\/42132","targetHints":{"allow":["GET"]}}],"collection":[{"href":"https:\/\/f-whip.info\/fi\/wp-json\/wp\/v2\/product"}],"about":[{"href":"https:\/\/f-whip.info\/fi\/wp-json\/wp\/v2\/types\/product"}],"wp:featuredmedia":[{"embeddable":true,"href":"https:\/\/f-whip.info\/fi\/wp-json\/wp\/v2\/media\/42734"}],"wp:attachment":[{"href":"https:\/\/f-whip.info\/fi\/wp-json\/wp\/v2\/media?parent=42132"}],"wp:term":[{"taxonomy":"product_brand","embeddable":true,"href":"https:\/\/f-whip.info\/fi\/wp-json\/wp\/v2\/product_brand?post=42132"},{"taxonomy":"product_cat","embeddable":true,"href":"https:\/\/f-whip.info\/fi\/wp-json\/wp\/v2\/product_cat?post=42132"},{"taxonomy":"product_tag","embeddable":true,"href":"https:\/\/f-whip.info\/fi\/wp-json\/wp\/v2\/product_tag?post=42132"}],"curies":[{"name":"wp","href":"https:\/\/api.w.org\/{rel}","templated":true}]}}