{"id":42143,"date":"2025-03-18T13:32:53","date_gmt":"2025-03-18T12:32:53","guid":{"rendered":"https:\/\/staging.fast-gas.com\/?post_type=product&#038;p=42143"},"modified":"2025-07-11T19:32:38","modified_gmt":"2025-07-11T17:32:38","slug":"paineensaadin","status":"publish","type":"product","link":"https:\/\/f-whip.info\/fi\/tuote\/paineensaadin\/","title":{"rendered":"Paineens\u00e4\u00e4din"},"excerpt":{"rendered":"<p data-start=\"61\" data-end=\"194\">FastGas-paineens\u00e4\u00e4timet tarjoavat luotettavan ja helppok\u00e4ytt\u00f6isen ratkaisun kermasifonien ja soodavesilaitteiden lataamiseen. Yhteensopivia useimpien dityppioksidi- ja hiilidioksidis\u00e4ili\u00f6iden kanssa, n\u00e4m\u00e4 s\u00e4\u00e4timet varmistavat sujuvan ja tasaisen suorituskyvyn monenlaisissa k\u00e4ytt\u00f6kohteissa.<\/p>\n<h3 data-start=\"361\" data-end=\"375\"><span class=\"title-highlight\"><strong data-start=\"365\" data-end=\"375\">Kuvaus<\/strong><\/span><\/h3>\n<p data-start=\"376\" data-end=\"656\">N\u00e4m\u00e4 s\u00e4\u00e4timet on suunniteltu tehokkaaseen ja keskeytym\u00e4tt\u00f6m\u00e4\u00e4n k\u00e4ytt\u00f6\u00f6n, ja ne soveltuvat erinomaisesti vaativiin ymp\u00e4rist\u00f6ihin, kuten baareihin, ammattikeitti\u00f6ihin ja kahviloihin. Ne ovat my\u00f6s k\u00e4yt\u00e4nn\u00f6llinen ratkaisu kotik\u00e4ytt\u00e4jille, jotka valmistavat suuria m\u00e4\u00e4ri\u00e4 kermavaahtoa.<\/p>\n<p data-start=\"658\" data-end=\"949\">S\u00e4\u00e4timet ovat erityisen hy\u00f6dyllisi\u00e4 suurten, 2L ja 3L s\u00e4ili\u00f6iden kanssa k\u00e4ytett\u00e4ess\u00e4, jolloin Creamer-konetta ei ole viel\u00e4 saatavilla. Ne mahdollistavat sujuvan ja keskeytym\u00e4tt\u00f6m\u00e4n k\u00e4yt\u00f6n \u2014 toisin kuin perinteiset 8g kapselit, jotka vaativat jatkuvaa vaihtamista ja h\u00e4iritsev\u00e4t ty\u00f6prosessia.<\/p>\n","protected":false},"featured_media":42746,"template":"","meta":{"_acf_changed":false},"product_brand":[],"product_cat":[496,447,448],"product_tag":[],"class_list":{"0":"post-42143","1":"product","2":"type-product","3":"status-publish","4":"has-post-thumbnail","6":"product_cat-kaikille","7":"product_cat-kerma-annostelijat-fi","8":"product_cat-typpioksiduuli-fi","10":"first","11":"instock","12":"taxable","13":"shipping-taxable","14":"product-type-simple"},"acf":[],"_links":{"self":[{"href":"https:\/\/f-whip.info\/fi\/wp-json\/wp\/v2\/product\/42143","targetHints":{"allow":["GET"]}}],"collection":[{"href":"https:\/\/f-whip.info\/fi\/wp-json\/wp\/v2\/product"}],"about":[{"href":"https:\/\/f-whip.info\/fi\/wp-json\/wp\/v2\/types\/product"}],"wp:featuredmedia":[{"embeddable":true,"href":"https:\/\/f-whip.info\/fi\/wp-json\/wp\/v2\/media\/42746"}],"wp:attachment":[{"href":"https:\/\/f-whip.info\/fi\/wp-json\/wp\/v2\/media?parent=42143"}],"wp:term":[{"taxonomy":"product_brand","embeddable":true,"href":"https:\/\/f-whip.info\/fi\/wp-json\/wp\/v2\/product_brand?post=42143"},{"taxonomy":"product_cat","embeddable":true,"href":"https:\/\/f-whip.info\/fi\/wp-json\/wp\/v2\/product_cat?post=42143"},{"taxonomy":"product_tag","embeddable":true,"href":"https:\/\/f-whip.info\/fi\/wp-json\/wp\/v2\/product_tag?post=42143"}],"curies":[{"name":"wp","href":"https:\/\/api.w.org\/{rel}","templated":true}]}}