{"id":43125,"date":"2025-03-24T14:45:52","date_gmt":"2025-03-24T13:45:52","guid":{"rendered":"https:\/\/staging.fast-gas.com\/product\/cream-chargers-670g-6-bottles-box-mixed-2\/"},"modified":"2025-06-30T19:03:18","modified_gmt":"2025-06-30T17:03:18","slug":"kermapatruunat-670g-6-pulloa-laatikko-sekoitettu","status":"publish","type":"product","link":"https:\/\/f-whip.info\/fi\/tuote\/kermapatruunat-670g-6-pulloa-laatikko-sekoitettu\/","title":{"rendered":"FastGas Sekoitettu Makulaatikko \u2013 670g"},"excerpt":{"rendered":"<p>FastGas panostaa t\u00e4ysill\u00e4 t\u00e4h\u00e4n taitavasti koottuun pakkaukseen, joka sis\u00e4lt\u00e4\u00e4 6 herkullista N2O-makua.<\/p>\n<p>Vapauta luovuutesi juomissa ja ruoissa k\u00e4ytt\u00e4m\u00e4ll\u00e4 eurooppalaista huippulaatuista N2O:tamme, joka tarjoaa mielenkiintoisimmat maut: mansikka, kookos, ryp\u00e4le, vihre\u00e4 omena, banaani ja mustikka.<\/p>\n<p>Jokainen kuudesta 670 g:n patruunasta on turvallinen ja kertak\u00e4ytt\u00f6inen ter\u00e4ss\u00e4ili\u00f6.<\/p>\n<p>FastGas tuottaa kuohkeimmat kermavaahdot, espumat cocktaileihin, kastikkeisiin ja paljon muuta.<\/p>\n<p>Uudessa designissa on mukana QR-koodi varmennusta varten. <a href=\"https:\/\/f-whip.info\/fi\/verify\/\">Opi, miten voit varmistaa pullosi aitouden.<\/a><\/p>\n<div class=\"woocommerce-product-details__short-description fast-gas\">\n<p><strong>*Jokainen 670 g lava sis\u00e4lt\u00e4\u00e4 75 laatikkoa (6 s\u00e4ili\u00f6t\u00e4 per laatikko)<\/strong><\/p>\n<\/div>\n","protected":false},"featured_media":42622,"template":"","meta":{"_acf_changed":false},"product_brand":[],"product_cat":[496,447,448],"product_tag":[],"class_list":{"0":"post-43125","1":"product","2":"type-product","3":"status-publish","4":"has-post-thumbnail","6":"product_cat-kaikille","7":"product_cat-kerma-annostelijat-fi","8":"product_cat-typpioksiduuli-fi","10":"first","11":"instock","12":"taxable","13":"shipping-taxable","14":"product-type-simple"},"acf":[],"_links":{"self":[{"href":"https:\/\/f-whip.info\/fi\/wp-json\/wp\/v2\/product\/43125","targetHints":{"allow":["GET"]}}],"collection":[{"href":"https:\/\/f-whip.info\/fi\/wp-json\/wp\/v2\/product"}],"about":[{"href":"https:\/\/f-whip.info\/fi\/wp-json\/wp\/v2\/types\/product"}],"wp:featuredmedia":[{"embeddable":true,"href":"https:\/\/f-whip.info\/fi\/wp-json\/wp\/v2\/media\/42622"}],"wp:attachment":[{"href":"https:\/\/f-whip.info\/fi\/wp-json\/wp\/v2\/media?parent=43125"}],"wp:term":[{"taxonomy":"product_brand","embeddable":true,"href":"https:\/\/f-whip.info\/fi\/wp-json\/wp\/v2\/product_brand?post=43125"},{"taxonomy":"product_cat","embeddable":true,"href":"https:\/\/f-whip.info\/fi\/wp-json\/wp\/v2\/product_cat?post=43125"},{"taxonomy":"product_tag","embeddable":true,"href":"https:\/\/f-whip.info\/fi\/wp-json\/wp\/v2\/product_tag?post=43125"}],"curies":[{"name":"wp","href":"https:\/\/api.w.org\/{rel}","templated":true}]}}