{"id":33666,"date":"2024-02-28T15:11:56","date_gmt":"2024-02-28T14:11:56","guid":{"rendered":"https:\/\/fast-gas.com\/?post_type=product&#038;p=33666"},"modified":"2025-06-24T17:14:38","modified_gmt":"2025-06-24T15:14:38","slug":"fastgas-cylindre-protoxyde-azote-arome-noix-de-coco-670-grammes","status":"publish","type":"product","link":"https:\/\/f-whip.info\/fr\/produit\/fastgas-cylindre-protoxyde-azote-arome-noix-de-coco-670-grammes\/","title":{"rendered":"FastGas Cartouche de cr\u00e8me go\u00fbt coco 670 g"},"excerpt":{"rendered":"<p>Le c\u00e9l\u00e8bre N2O de FastGas mais avec un d\u00e9licieux ar\u00f4me de noix de coco.<\/p>\n<p>Le format de 670g est le plus petit de notre gamme : efficace, jetable, et toujours de la meilleure qualit\u00e9 europ\u00e9enne.<\/p>\n<p>FastGas cr\u00e9e les cr\u00e8mes fouett\u00e9es les plus onctueuses, des espumas pour cocktails, des sauces et plus encore.<\/p>\n<p>Le nouveau design inclut le code QR de v\u00e9rification. <a href=\"https:\/\/f-whip.info\/fr\/verify\/\">D\u00e9couvrez comment v\u00e9rifier votre bouteille<\/a>.<\/p>\n<p><strong>Inclus dans un m\u00e9lange de 6 saveurs.<br \/>\n*Chaque palette de 670g contient 75 caisses (6 assortis cartouches par caisse)<\/strong><\/p>\n","protected":false},"featured_media":42355,"template":"","meta":{"_acf_changed":false},"product_brand":[],"product_cat":[450,451,497],"product_tag":[],"class_list":{"0":"post-33666","1":"product","2":"type-product","3":"status-publish","4":"has-post-thumbnail","6":"product_cat-cartouches-de-creme-fr","7":"product_cat-protoxyde-dazote-fr","8":"product_cat-tous","10":"first","11":"instock","12":"taxable","13":"shipping-taxable","14":"product-type-simple"},"acf":[],"_links":{"self":[{"href":"https:\/\/f-whip.info\/fr\/wp-json\/wp\/v2\/product\/33666","targetHints":{"allow":["GET"]}}],"collection":[{"href":"https:\/\/f-whip.info\/fr\/wp-json\/wp\/v2\/product"}],"about":[{"href":"https:\/\/f-whip.info\/fr\/wp-json\/wp\/v2\/types\/product"}],"wp:featuredmedia":[{"embeddable":true,"href":"https:\/\/f-whip.info\/fr\/wp-json\/wp\/v2\/media\/42355"}],"wp:attachment":[{"href":"https:\/\/f-whip.info\/fr\/wp-json\/wp\/v2\/media?parent=33666"}],"wp:term":[{"taxonomy":"product_brand","embeddable":true,"href":"https:\/\/f-whip.info\/fr\/wp-json\/wp\/v2\/product_brand?post=33666"},{"taxonomy":"product_cat","embeddable":true,"href":"https:\/\/f-whip.info\/fr\/wp-json\/wp\/v2\/product_cat?post=33666"},{"taxonomy":"product_tag","embeddable":true,"href":"https:\/\/f-whip.info\/fr\/wp-json\/wp\/v2\/product_tag?post=33666"}],"curies":[{"name":"wp","href":"https:\/\/api.w.org\/{rel}","templated":true}]}}