{"id":34292,"date":"2023-08-17T08:27:40","date_gmt":"2023-08-17T06:27:40","guid":{"rendered":"https:\/\/fast-gas.com\/product\/fastgas-strawberry-nitrous-oxide-cylinder-2000-grams\/"},"modified":"2025-06-24T17:16:51","modified_gmt":"2025-06-24T15:16:51","slug":"cylindre-fastgas-parfum-fraise-protoxyde-d-azote-2000-grammes","status":"publish","type":"product","link":"https:\/\/f-whip.info\/fr\/produit\/cylindre-fastgas-parfum-fraise-protoxyde-d-azote-2000-grammes\/","title":{"rendered":"FastGas Cartouche de Fr\u00e8me Go\u00fbt Fraise 2000g"},"excerpt":{"rendered":"<p>Notre canister de plus grande capacit\u00e9 est disponible dans une taille pratique et est \u00e9quip\u00e9 d&#8217;une sangle utile, rempli de N2O au d\u00e9licieux go\u00fbt de fraise.<\/p>\n<p>Rempli \u00e0 ras bord avec du gaz de qualit\u00e9 europ\u00e9enne et produit selon des protocoles de s\u00e9curit\u00e9 stricts.<\/p>\n<p>FastGas produit la cr\u00e8me fouett\u00e9e la plus moelleuse, des espumas pour cocktails, des sauces et bien plus encore.<\/p>\n<p>Le nouveau design inclut le code QR de v\u00e9rification. <a href=\"https:\/\/f-whip.info\/fr\/verify\/\">D\u00e9couvrez comment v\u00e9rifier votre bouteille<\/a>.<\/p>\n<p><strong>*Chaque palette de 2kg contient 162 caisses (1 cartouche par caisse)<\/strong><\/p>\n","protected":false},"featured_media":42479,"template":"","meta":{"_acf_changed":false},"product_brand":[],"product_cat":[450,451,497],"product_tag":[],"class_list":{"0":"post-34292","1":"product","2":"type-product","3":"status-publish","4":"has-post-thumbnail","6":"product_cat-cartouches-de-creme-fr","7":"product_cat-protoxyde-dazote-fr","8":"product_cat-tous","10":"first","11":"instock","12":"taxable","13":"shipping-taxable","14":"product-type-simple"},"acf":[],"_links":{"self":[{"href":"https:\/\/f-whip.info\/fr\/wp-json\/wp\/v2\/product\/34292","targetHints":{"allow":["GET"]}}],"collection":[{"href":"https:\/\/f-whip.info\/fr\/wp-json\/wp\/v2\/product"}],"about":[{"href":"https:\/\/f-whip.info\/fr\/wp-json\/wp\/v2\/types\/product"}],"wp:featuredmedia":[{"embeddable":true,"href":"https:\/\/f-whip.info\/fr\/wp-json\/wp\/v2\/media\/42479"}],"wp:attachment":[{"href":"https:\/\/f-whip.info\/fr\/wp-json\/wp\/v2\/media?parent=34292"}],"wp:term":[{"taxonomy":"product_brand","embeddable":true,"href":"https:\/\/f-whip.info\/fr\/wp-json\/wp\/v2\/product_brand?post=34292"},{"taxonomy":"product_cat","embeddable":true,"href":"https:\/\/f-whip.info\/fr\/wp-json\/wp\/v2\/product_cat?post=34292"},{"taxonomy":"product_tag","embeddable":true,"href":"https:\/\/f-whip.info\/fr\/wp-json\/wp\/v2\/product_tag?post=34292"}],"curies":[{"name":"wp","href":"https:\/\/api.w.org\/{rel}","templated":true}]}}