{"id":35993,"date":"2024-06-12T13:25:43","date_gmt":"2024-06-12T11:25:43","guid":{"rendered":"https:\/\/fast-gas.com\/?post_type=product&#038;p=35993"},"modified":"2025-03-25T10:24:19","modified_gmt":"2025-03-25T10:24:19","slug":"creme-fastgas","status":"publish","type":"product","link":"https:\/\/f-whip.info\/fr\/produit\/creme-fastgas\/","title":{"rendered":"Cr\u00e9meur FastGas"},"excerpt":{"rendered":"<p>L&#8217;accessoire ultime pour le bar et la cuisine.<\/p>\n<p>Un distributeur de N2O novateur con\u00e7u pour la cr\u00e9ation de cr\u00e8me fouett\u00e9e, d&#8217;\u00e9cumes froides et de sauces. Compatible avec notre cartouche FastGas de 670g.<\/p>\n<p>Que vous soyez un professionnel ou que vous tentiez l&#8217;exp\u00e9rience \u00e0 la maison, la machine \u00e0 cr\u00e8me est pens\u00e9e pour lib\u00e9rer votre cr\u00e9ativit\u00e9.<\/p>\n<p>LE PRIX DE VENTE CONSEILL\u00c9 est de 89,90 \u20ac<\/p>\n<p>Siphons vendus s\u00e9par\u00e9ment.<\/p>\n","protected":false},"featured_media":42724,"template":"","meta":{"_acf_changed":false},"product_brand":[],"product_cat":[450,451,497],"product_tag":[],"class_list":{"0":"post-35993","1":"product","2":"type-product","3":"status-publish","4":"has-post-thumbnail","6":"product_cat-cartouches-de-creme-fr","7":"product_cat-protoxyde-dazote-fr","8":"product_cat-tous","10":"first","11":"instock","12":"taxable","13":"shipping-taxable","14":"product-type-simple"},"acf":[],"_links":{"self":[{"href":"https:\/\/f-whip.info\/fr\/wp-json\/wp\/v2\/product\/35993","targetHints":{"allow":["GET"]}}],"collection":[{"href":"https:\/\/f-whip.info\/fr\/wp-json\/wp\/v2\/product"}],"about":[{"href":"https:\/\/f-whip.info\/fr\/wp-json\/wp\/v2\/types\/product"}],"wp:featuredmedia":[{"embeddable":true,"href":"https:\/\/f-whip.info\/fr\/wp-json\/wp\/v2\/media\/42724"}],"wp:attachment":[{"href":"https:\/\/f-whip.info\/fr\/wp-json\/wp\/v2\/media?parent=35993"}],"wp:term":[{"taxonomy":"product_brand","embeddable":true,"href":"https:\/\/f-whip.info\/fr\/wp-json\/wp\/v2\/product_brand?post=35993"},{"taxonomy":"product_cat","embeddable":true,"href":"https:\/\/f-whip.info\/fr\/wp-json\/wp\/v2\/product_cat?post=35993"},{"taxonomy":"product_tag","embeddable":true,"href":"https:\/\/f-whip.info\/fr\/wp-json\/wp\/v2\/product_tag?post=35993"}],"curies":[{"name":"wp","href":"https:\/\/api.w.org\/{rel}","templated":true}]}}