{"id":40339,"date":"2022-07-06T07:17:02","date_gmt":"2022-07-06T05:17:02","guid":{"rendered":"https:\/\/fast-gas.com\/product\/fastgas-original-nitrous-oxide-cylinder\/"},"modified":"2025-06-24T17:20:21","modified_gmt":"2025-06-24T15:20:21","slug":"cylindre-original-oxyde-nitreux-fastgas","status":"publish","type":"product","link":"https:\/\/f-whip.info\/fr\/produit\/cylindre-original-oxyde-nitreux-fastgas\/","title":{"rendered":"FastGas Cartouche De Cr\u00e8me Original 670g"},"excerpt":{"rendered":"<p>Oxyde nitreux de qualit\u00e9 europ\u00e9enne dans une bouteille d&#8217;acier s\u00e9curis\u00e9e et jetable.<\/p>\n<p>Efficace et toujours \u00e0 pleine capacit\u00e9, cette cartouche de 670g est la taille la plus vendue de notre marque reconnue mondialement.<\/p>\n<p>FastGas produit la cr\u00e8me chantilly la plus onctueuse, des espumas pour cocktails, des sauces et bien plus.<\/p>\n<p>Le nouveau design inclut le code QR de v\u00e9rification. <a href=\"https:\/\/f-whip.info\/fr\/verify\/\">D\u00e9couvrez comment v\u00e9rifier votre bouteille<\/a>.<\/p>\n<p><strong>*Chaque palette de 670g contient 75 caisses (6 cartouches par caisse)<\/strong><\/p>\n","protected":false},"featured_media":42265,"template":"","meta":{"_acf_changed":false},"product_brand":[],"product_cat":[450,451,497],"product_tag":[],"class_list":{"0":"post-40339","1":"product","2":"type-product","3":"status-publish","4":"has-post-thumbnail","6":"product_cat-cartouches-de-creme-fr","7":"product_cat-protoxyde-dazote-fr","8":"product_cat-tous","10":"first","11":"instock","12":"taxable","13":"shipping-taxable","14":"product-type-simple"},"acf":[],"_links":{"self":[{"href":"https:\/\/f-whip.info\/fr\/wp-json\/wp\/v2\/product\/40339","targetHints":{"allow":["GET"]}}],"collection":[{"href":"https:\/\/f-whip.info\/fr\/wp-json\/wp\/v2\/product"}],"about":[{"href":"https:\/\/f-whip.info\/fr\/wp-json\/wp\/v2\/types\/product"}],"wp:featuredmedia":[{"embeddable":true,"href":"https:\/\/f-whip.info\/fr\/wp-json\/wp\/v2\/media\/42265"}],"wp:attachment":[{"href":"https:\/\/f-whip.info\/fr\/wp-json\/wp\/v2\/media?parent=40339"}],"wp:term":[{"taxonomy":"product_brand","embeddable":true,"href":"https:\/\/f-whip.info\/fr\/wp-json\/wp\/v2\/product_brand?post=40339"},{"taxonomy":"product_cat","embeddable":true,"href":"https:\/\/f-whip.info\/fr\/wp-json\/wp\/v2\/product_cat?post=40339"},{"taxonomy":"product_tag","embeddable":true,"href":"https:\/\/f-whip.info\/fr\/wp-json\/wp\/v2\/product_tag?post=40339"}],"curies":[{"name":"wp","href":"https:\/\/api.w.org\/{rel}","templated":true}]}}