{"id":42100,"date":"2025-03-18T12:15:38","date_gmt":"2025-03-18T11:15:38","guid":{"rendered":"https:\/\/staging.fast-gas.com\/?post_type=product&#038;p=42100"},"modified":"2025-06-24T17:08:19","modified_gmt":"2025-06-24T15:08:19","slug":"cartouche-de-creme-670g-pomme-verte","status":"publish","type":"product","link":"https:\/\/f-whip.info\/fr\/produit\/cartouche-de-creme-670g-pomme-verte\/","title":{"rendered":"Cartouche de Cr\u00e8me FastGas Pomme Verte 670g"},"excerpt":{"rendered":"<p>Le go\u00fbt d&#8217;une pomme fra\u00eechement cueillie !<\/p>\n<p>Notre best-seller de 670g est d\u00e9sormais disponible avec une saveur de pomme verte forte et rafra\u00eechissante qui apportera une touche parfaite \u00e0 toutes vos boissons ou plats.<\/p>\n<p>La cartouche en acier jetable contient le protoxyde d&#8217;azote de qualit\u00e9 europ\u00e9enne habituel.<\/p>\n<p>FastGas vous permet de r\u00e9aliser les cr\u00e8mes fouett\u00e9es les plus a\u00e9riennes, des espumas pour cocktails, des sauces, et bien plus encore.<\/p>\n<p>Le nouveau design inclut un code QR de v\u00e9rification. <a href=\"https:\/\/f-whip.info\/fr\/verify\/\">Apprenez comment v\u00e9rifier votre bouteille.<\/a><\/p>\n<p><strong>Inclus dans un m\u00e9lange de 6 saveurs.<br \/>\n*Chaque palette de 670 g contient 75 cartons (6 assortis cartouches par carton)<\/strong><\/p>\n","protected":false},"featured_media":42601,"template":"","meta":{"_acf_changed":false},"product_brand":[],"product_cat":[450,451,497],"product_tag":[],"class_list":{"0":"post-42100","1":"product","2":"type-product","3":"status-publish","4":"has-post-thumbnail","6":"product_cat-cartouches-de-creme-fr","7":"product_cat-protoxyde-dazote-fr","8":"product_cat-tous","10":"first","11":"instock","12":"taxable","13":"shipping-taxable","14":"product-type-simple"},"acf":[],"_links":{"self":[{"href":"https:\/\/f-whip.info\/fr\/wp-json\/wp\/v2\/product\/42100","targetHints":{"allow":["GET"]}}],"collection":[{"href":"https:\/\/f-whip.info\/fr\/wp-json\/wp\/v2\/product"}],"about":[{"href":"https:\/\/f-whip.info\/fr\/wp-json\/wp\/v2\/types\/product"}],"wp:featuredmedia":[{"embeddable":true,"href":"https:\/\/f-whip.info\/fr\/wp-json\/wp\/v2\/media\/42601"}],"wp:attachment":[{"href":"https:\/\/f-whip.info\/fr\/wp-json\/wp\/v2\/media?parent=42100"}],"wp:term":[{"taxonomy":"product_brand","embeddable":true,"href":"https:\/\/f-whip.info\/fr\/wp-json\/wp\/v2\/product_brand?post=42100"},{"taxonomy":"product_cat","embeddable":true,"href":"https:\/\/f-whip.info\/fr\/wp-json\/wp\/v2\/product_cat?post=42100"},{"taxonomy":"product_tag","embeddable":true,"href":"https:\/\/f-whip.info\/fr\/wp-json\/wp\/v2\/product_tag?post=42100"}],"curies":[{"name":"wp","href":"https:\/\/api.w.org\/{rel}","templated":true}]}}