{"id":42111,"date":"2025-03-18T13:13:48","date_gmt":"2025-03-18T12:13:48","guid":{"rendered":"https:\/\/staging.fast-gas.com\/?post_type=product&#038;p=42111"},"modified":"2025-06-24T17:07:04","modified_gmt":"2025-06-24T15:07:04","slug":"cartouche-de-creme-670g-banane","status":"publish","type":"product","link":"https:\/\/f-whip.info\/fr\/produit\/cartouche-de-creme-670g-banane\/","title":{"rendered":"FastGas Cartouche De Cr\u00e8me Go\u00fbt Banane 670g"},"excerpt":{"rendered":"<p>Allez-y \u00e0 fond avec la banane !<\/p>\n<p>Notre best-seller de 670 g est d\u00e9sormais disponible dans une saveur de banane onctueuse et caract\u00e9ristique, qui donnera envie \u00e0 tout le monde d\u2019en reprendre !<\/p>\n<p>La cartouche jetable en acier contient le protoxyde d\u2019azote de qualit\u00e9 europ\u00e9enne habituelle.<\/p>\n<p>FastGas permet de r\u00e9aliser les cr\u00e8mes fouett\u00e9es les plus a\u00e9riennes, les espumas pour cocktails, les sauces et bien plus encore.<\/p>\n<p>Le nouveau design inclut un code QR de v\u00e9rification. <a href=\"https:\/\/f-whip.info\/fr\/verify\/\">D\u00e9couvrez comment v\u00e9rifier votre bouteille.<\/a><\/p>\n<p><strong>Inclus dans un m\u00e9lange de 6 saveurs.<br \/>\n*Chaque palette de 670 g contient 75 cartons (6 assortis cartouches par carton)<\/strong><\/p>\n","protected":false},"featured_media":42691,"template":"","meta":{"_acf_changed":false},"product_brand":[],"product_cat":[450,451,497],"product_tag":[],"class_list":{"0":"post-42111","1":"product","2":"type-product","3":"status-publish","4":"has-post-thumbnail","6":"product_cat-cartouches-de-creme-fr","7":"product_cat-protoxyde-dazote-fr","8":"product_cat-tous","10":"first","11":"instock","12":"taxable","13":"shipping-taxable","14":"product-type-simple"},"acf":[],"_links":{"self":[{"href":"https:\/\/f-whip.info\/fr\/wp-json\/wp\/v2\/product\/42111","targetHints":{"allow":["GET"]}}],"collection":[{"href":"https:\/\/f-whip.info\/fr\/wp-json\/wp\/v2\/product"}],"about":[{"href":"https:\/\/f-whip.info\/fr\/wp-json\/wp\/v2\/types\/product"}],"wp:featuredmedia":[{"embeddable":true,"href":"https:\/\/f-whip.info\/fr\/wp-json\/wp\/v2\/media\/42691"}],"wp:attachment":[{"href":"https:\/\/f-whip.info\/fr\/wp-json\/wp\/v2\/media?parent=42111"}],"wp:term":[{"taxonomy":"product_brand","embeddable":true,"href":"https:\/\/f-whip.info\/fr\/wp-json\/wp\/v2\/product_brand?post=42111"},{"taxonomy":"product_cat","embeddable":true,"href":"https:\/\/f-whip.info\/fr\/wp-json\/wp\/v2\/product_cat?post=42111"},{"taxonomy":"product_tag","embeddable":true,"href":"https:\/\/f-whip.info\/fr\/wp-json\/wp\/v2\/product_tag?post=42111"}],"curies":[{"name":"wp","href":"https:\/\/api.w.org\/{rel}","templated":true}]}}