{"id":42133,"date":"2025-03-18T13:26:42","date_gmt":"2025-03-18T12:26:42","guid":{"rendered":"https:\/\/staging.fast-gas.com\/?post_type=product&#038;p=42133"},"modified":"2025-03-27T08:29:59","modified_gmt":"2025-03-27T08:29:59","slug":"siphon-a-creme","status":"publish","type":"product","link":"https:\/\/f-whip.info\/fr\/produit\/siphon-a-creme\/","title":{"rendered":"Siphon"},"excerpt":{"rendered":"<p>Le siphon \u00e0 cr\u00e8me FastGas est con\u00e7u pour distribuer le produit final : cr\u00e8mes fouett\u00e9es, espumas et mousses sur vos cr\u00e9ations culinaires ou de bar.<\/p>\n<p>Compatible avec le Cr\u00e9mier FastGas et le r\u00e9gulateur de pression FastGas, ainsi que la plupart des normes de l&#8217;industrie.<\/p>\n<p>Uniquement adapt\u00e9 aux m\u00e9langes froids.<\/p>\n","protected":false},"featured_media":42735,"template":"","meta":{"_acf_changed":false},"product_brand":[],"product_cat":[450,451,497],"product_tag":[],"class_list":{"0":"post-42133","1":"product","2":"type-product","3":"status-publish","4":"has-post-thumbnail","6":"product_cat-cartouches-de-creme-fr","7":"product_cat-protoxyde-dazote-fr","8":"product_cat-tous","10":"first","11":"instock","12":"taxable","13":"shipping-taxable","14":"product-type-simple"},"acf":[],"_links":{"self":[{"href":"https:\/\/f-whip.info\/fr\/wp-json\/wp\/v2\/product\/42133","targetHints":{"allow":["GET"]}}],"collection":[{"href":"https:\/\/f-whip.info\/fr\/wp-json\/wp\/v2\/product"}],"about":[{"href":"https:\/\/f-whip.info\/fr\/wp-json\/wp\/v2\/types\/product"}],"wp:featuredmedia":[{"embeddable":true,"href":"https:\/\/f-whip.info\/fr\/wp-json\/wp\/v2\/media\/42735"}],"wp:attachment":[{"href":"https:\/\/f-whip.info\/fr\/wp-json\/wp\/v2\/media?parent=42133"}],"wp:term":[{"taxonomy":"product_brand","embeddable":true,"href":"https:\/\/f-whip.info\/fr\/wp-json\/wp\/v2\/product_brand?post=42133"},{"taxonomy":"product_cat","embeddable":true,"href":"https:\/\/f-whip.info\/fr\/wp-json\/wp\/v2\/product_cat?post=42133"},{"taxonomy":"product_tag","embeddable":true,"href":"https:\/\/f-whip.info\/fr\/wp-json\/wp\/v2\/product_tag?post=42133"}],"curies":[{"name":"wp","href":"https:\/\/api.w.org\/{rel}","templated":true}]}}