{"id":43127,"date":"2025-03-24T14:45:52","date_gmt":"2025-03-24T13:45:52","guid":{"rendered":"https:\/\/staging.fast-gas.com\/product\/cream-chargers-670g-6-bottles-box-mixed-2\/"},"modified":"2025-06-24T17:06:41","modified_gmt":"2025-06-24T15:06:41","slug":"cartouches-de-creme-670g-6-bouteilles-boite-mixte","status":"publish","type":"product","link":"https:\/\/f-whip.info\/fr\/produit\/cartouches-de-creme-670g-6-bouteilles-boite-mixte\/","title":{"rendered":"Bo\u00eete de Saveurs Mixtes FastGas \u2013 670g"},"excerpt":{"rendered":"<p>FastGas mise sur tout avec cette bo\u00eete parfaitement \u00e9labor\u00e9e contenant 6 d\u00e9licieuses saveurs de N2O.<\/p>\n<p>Lib\u00e9rez votre cr\u00e9ativit\u00e9 avec vos boissons et plats gr\u00e2ce \u00e0 notre N2O de qualit\u00e9 europ\u00e9enne, best-seller, qui propose les saveurs les plus int\u00e9ressantes du spectre : Fraise, Noix de Coco, Raisin, Pomme Verte, Banane et Myrtille.<\/p>\n<p>Chacune des 6 cartouches de 670g est une cartouche en acier s\u00fbre et jetable.<\/p>\n<p>FastGas vous permet de r\u00e9aliser les cr\u00e8mes fouett\u00e9es les plus a\u00e9riennes, des espumas pour cocktails, des sauces, et bien plus encore.<\/p>\n<p>Le nouveau design inclut un code QR de v\u00e9rification. <a href=\"https:\/\/f-whip.info\/fr\/verify\/\">Apprenez comment v\u00e9rifier votre bouteille.<\/a><\/p>\n<div class=\"woocommerce-product-details__short-description fast-gas\">\n<p><strong>*Chaque palette de 670 g contient 75 cartons (6 cartouches par carton)<\/strong><\/p>\n<\/div>\n","protected":false},"featured_media":42623,"template":"","meta":{"_acf_changed":false},"product_brand":[],"product_cat":[450,451,497],"product_tag":[],"class_list":{"0":"post-43127","1":"product","2":"type-product","3":"status-publish","4":"has-post-thumbnail","6":"product_cat-cartouches-de-creme-fr","7":"product_cat-protoxyde-dazote-fr","8":"product_cat-tous","10":"first","11":"instock","12":"taxable","13":"shipping-taxable","14":"product-type-simple"},"acf":[],"_links":{"self":[{"href":"https:\/\/f-whip.info\/fr\/wp-json\/wp\/v2\/product\/43127","targetHints":{"allow":["GET"]}}],"collection":[{"href":"https:\/\/f-whip.info\/fr\/wp-json\/wp\/v2\/product"}],"about":[{"href":"https:\/\/f-whip.info\/fr\/wp-json\/wp\/v2\/types\/product"}],"wp:featuredmedia":[{"embeddable":true,"href":"https:\/\/f-whip.info\/fr\/wp-json\/wp\/v2\/media\/42623"}],"wp:attachment":[{"href":"https:\/\/f-whip.info\/fr\/wp-json\/wp\/v2\/media?parent=43127"}],"wp:term":[{"taxonomy":"product_brand","embeddable":true,"href":"https:\/\/f-whip.info\/fr\/wp-json\/wp\/v2\/product_brand?post=43127"},{"taxonomy":"product_cat","embeddable":true,"href":"https:\/\/f-whip.info\/fr\/wp-json\/wp\/v2\/product_cat?post=43127"},{"taxonomy":"product_tag","embeddable":true,"href":"https:\/\/f-whip.info\/fr\/wp-json\/wp\/v2\/product_tag?post=43127"}],"curies":[{"name":"wp","href":"https:\/\/api.w.org\/{rel}","templated":true}]}}