{"id":25111,"date":"2022-07-06T07:17:02","date_gmt":"2022-07-06T05:17:02","guid":{"rendered":"https:\/\/fast-gas.com\/product\/615g-cream-charger-with-nitrous-oxide-fast-gas-cream-charger\/"},"modified":"2025-06-23T22:36:28","modified_gmt":"2025-06-23T20:36:28","slug":"fastgas-originalni-cilindar-s-dusikovim-oksidom","status":"publish","type":"product","link":"https:\/\/f-whip.info\/hr\/proizvod\/fastgas-originalni-cilindar-s-dusikovim-oksidom\/","title":{"rendered":"FastGas Punja\u010d Za \u0161Lag Original 670g"},"excerpt":{"rendered":"<p>Europska kvaliteta du\u0161ikovog oksida u sigurnoj i jednokratnoj \u010deli\u010dnoj boci.<\/p>\n<p>U\u010dinkovit i uvijek popunjen do maksimuma, ovaj 670g cilindar je najprodavanija veli\u010dina na\u0161e globalno prepoznate marke.<\/p>\n<p>FastGas stvara najmek\u0161i \u0161lag, espume za koktele, umake i jo\u0161 mnogo toga.<\/p>\n<p>Novi dizajn uklju\u010duje kontrolni QR kod. <a href=\"https:\/\/f-whip.info\/hr\/verify\/\">Saznajte kako provjeriti svoju bocu<\/a>.<\/p>\n<p><strong>*Svaka paleta od 670g sadr\u017ei 75 kutija (6 kanistara po kutiji)<\/strong><\/p>\n","protected":false},"featured_media":42261,"template":"","meta":{"_acf_changed":false},"product_brand":[],"product_cat":[439,438,503],"product_tag":[],"class_list":{"0":"post-25111","1":"product","2":"type-product","3":"status-publish","4":"has-post-thumbnail","6":"product_cat-dusikov-oksid-hr","7":"product_cat-kapsule-za-slag-hr","8":"product_cat-svi","10":"first","11":"instock","12":"taxable","13":"shipping-taxable","14":"product-type-simple"},"acf":[],"_links":{"self":[{"href":"https:\/\/f-whip.info\/hr\/wp-json\/wp\/v2\/product\/25111","targetHints":{"allow":["GET"]}}],"collection":[{"href":"https:\/\/f-whip.info\/hr\/wp-json\/wp\/v2\/product"}],"about":[{"href":"https:\/\/f-whip.info\/hr\/wp-json\/wp\/v2\/types\/product"}],"wp:featuredmedia":[{"embeddable":true,"href":"https:\/\/f-whip.info\/hr\/wp-json\/wp\/v2\/media\/42261"}],"wp:attachment":[{"href":"https:\/\/f-whip.info\/hr\/wp-json\/wp\/v2\/media?parent=25111"}],"wp:term":[{"taxonomy":"product_brand","embeddable":true,"href":"https:\/\/f-whip.info\/hr\/wp-json\/wp\/v2\/product_brand?post=25111"},{"taxonomy":"product_cat","embeddable":true,"href":"https:\/\/f-whip.info\/hr\/wp-json\/wp\/v2\/product_cat?post=25111"},{"taxonomy":"product_tag","embeddable":true,"href":"https:\/\/f-whip.info\/hr\/wp-json\/wp\/v2\/product_tag?post=25111"}],"curies":[{"name":"wp","href":"https:\/\/api.w.org\/{rel}","templated":true}]}}