{"id":33519,"date":"2024-02-28T14:55:10","date_gmt":"2024-02-28T13:55:10","guid":{"rendered":"https:\/\/fast-gas.com\/?post_type=product&#038;p=33519"},"modified":"2025-06-23T22:40:04","modified_gmt":"2025-06-23T20:40:04","slug":"fastgas-boca-s-uzorkom-jagode-za-dusikov-oksid-670-grama","status":"publish","type":"product","link":"https:\/\/f-whip.info\/hr\/proizvod\/fastgas-boca-s-uzorkom-jagode-za-dusikov-oksid-670-grama\/","title":{"rendered":"FastGas Punja\u010d Za \u0161Lag Okus Jagode 670 G"},"excerpt":{"rendered":"<p>Poznati FastGas N2O, ali s ukusnim okusom jagode.<\/p>\n<p>670g je najmanja veli\u010dina na\u0161e ponude: u\u010dinkovita, za jednokratnu upotrebu i uvijek najbolje europske kvalitete.<\/p>\n<p>FastGas proizvodi najmek\u0161i \u0161lag, espume za koktele, umake i jo\u0161 mnogo toga.<\/p>\n<p>Novi dizajn uklju\u010duje kontrolni QR kod. <a href=\"https:\/\/f-whip.info\/hr\/verify\/\">Saznajte kako provjeriti svoju bocu<\/a>.<\/p>\n<p><strong>Uklju\u010deno u mje\u0161avinu od 6 okusa.<br \/>\n*Svaka paleta od 670g sadr\u017ei 75 kutija (6 raznih kanistara po kutiji)<\/strong><\/p>\n","protected":false},"featured_media":42305,"template":"","meta":{"_acf_changed":false},"product_brand":[],"product_cat":[439,438,503],"product_tag":[],"class_list":{"0":"post-33519","1":"product","2":"type-product","3":"status-publish","4":"has-post-thumbnail","6":"product_cat-dusikov-oksid-hr","7":"product_cat-kapsule-za-slag-hr","8":"product_cat-svi","10":"first","11":"instock","12":"taxable","13":"shipping-taxable","14":"product-type-simple"},"acf":[],"_links":{"self":[{"href":"https:\/\/f-whip.info\/hr\/wp-json\/wp\/v2\/product\/33519","targetHints":{"allow":["GET"]}}],"collection":[{"href":"https:\/\/f-whip.info\/hr\/wp-json\/wp\/v2\/product"}],"about":[{"href":"https:\/\/f-whip.info\/hr\/wp-json\/wp\/v2\/types\/product"}],"wp:featuredmedia":[{"embeddable":true,"href":"https:\/\/f-whip.info\/hr\/wp-json\/wp\/v2\/media\/42305"}],"wp:attachment":[{"href":"https:\/\/f-whip.info\/hr\/wp-json\/wp\/v2\/media?parent=33519"}],"wp:term":[{"taxonomy":"product_brand","embeddable":true,"href":"https:\/\/f-whip.info\/hr\/wp-json\/wp\/v2\/product_brand?post=33519"},{"taxonomy":"product_cat","embeddable":true,"href":"https:\/\/f-whip.info\/hr\/wp-json\/wp\/v2\/product_cat?post=33519"},{"taxonomy":"product_tag","embeddable":true,"href":"https:\/\/f-whip.info\/hr\/wp-json\/wp\/v2\/product_tag?post=33519"}],"curies":[{"name":"wp","href":"https:\/\/api.w.org\/{rel}","templated":true}]}}