{"id":34272,"date":"2023-08-17T08:27:40","date_gmt":"2023-08-17T06:27:40","guid":{"rendered":"https:\/\/fast-gas.com\/product\/fastgas-strawberry-nitrous-oxide-cylinder-2000-grams\/"},"modified":"2025-06-23T22:42:03","modified_gmt":"2025-06-23T20:42:03","slug":"fastgas-boca-s-okusom-jagode-za-azotov-oksid-2000-grama","status":"publish","type":"product","link":"https:\/\/f-whip.info\/hr\/proizvod\/fastgas-boca-s-okusom-jagode-za-azotov-oksid-2000-grama\/","title":{"rendered":"FastGas Punja\u010d Za \u0161lag Okus Jagode 2000g"},"excerpt":{"rendered":"<p>Na\u0161a boca najve\u0107eg kapaciteta dolazi u prikladnoj veli\u010dini s prakti\u010dnom trakom, napunjena ukusnim N2O plinom s okusom jagode.<\/p>\n<p>Napunjena do maksimalnog kapaciteta visokokvalitetnim europskim plinom i proizvedena pod strogim sigurnosnim protokolima.<\/p>\n<p>FastGas stvara najmek\u0161i \u0161lag, espume za koktele, umake i jo\u0161 mnogo toga.<\/p>\n<p>Novi dizajn uklju\u010duje kontrolni QR kod. <a href=\"https:\/\/f-whip.info\/hr\/verify\/\">Saznajte kako provjeriti svoju bocu<\/a>.<\/p>\n<p><strong>*Svaka paleta od 2kg sadr\u017ei 162 kutije (1 kanistar po kutiji)<\/strong><\/p>\n","protected":false},"featured_media":42475,"template":"","meta":{"_acf_changed":false},"product_brand":[],"product_cat":[439,438,503],"product_tag":[],"class_list":{"0":"post-34272","1":"product","2":"type-product","3":"status-publish","4":"has-post-thumbnail","6":"product_cat-dusikov-oksid-hr","7":"product_cat-kapsule-za-slag-hr","8":"product_cat-svi","10":"first","11":"instock","12":"taxable","13":"shipping-taxable","14":"product-type-simple"},"acf":[],"_links":{"self":[{"href":"https:\/\/f-whip.info\/hr\/wp-json\/wp\/v2\/product\/34272","targetHints":{"allow":["GET"]}}],"collection":[{"href":"https:\/\/f-whip.info\/hr\/wp-json\/wp\/v2\/product"}],"about":[{"href":"https:\/\/f-whip.info\/hr\/wp-json\/wp\/v2\/types\/product"}],"wp:featuredmedia":[{"embeddable":true,"href":"https:\/\/f-whip.info\/hr\/wp-json\/wp\/v2\/media\/42475"}],"wp:attachment":[{"href":"https:\/\/f-whip.info\/hr\/wp-json\/wp\/v2\/media?parent=34272"}],"wp:term":[{"taxonomy":"product_brand","embeddable":true,"href":"https:\/\/f-whip.info\/hr\/wp-json\/wp\/v2\/product_brand?post=34272"},{"taxonomy":"product_cat","embeddable":true,"href":"https:\/\/f-whip.info\/hr\/wp-json\/wp\/v2\/product_cat?post=34272"},{"taxonomy":"product_tag","embeddable":true,"href":"https:\/\/f-whip.info\/hr\/wp-json\/wp\/v2\/product_tag?post=34272"}],"curies":[{"name":"wp","href":"https:\/\/api.w.org\/{rel}","templated":true}]}}