{"id":35978,"date":"2024-06-12T13:25:43","date_gmt":"2024-06-12T11:25:43","guid":{"rendered":"https:\/\/fast-gas.com\/?post_type=product&#038;p=35978"},"modified":"2025-03-25T10:27:26","modified_gmt":"2025-03-25T10:27:26","slug":"fastgas-slagac","status":"publish","type":"product","link":"https:\/\/f-whip.info\/hr\/proizvod\/fastgas-slagac\/","title":{"rendered":"FastGas Creamer"},"excerpt":{"rendered":"<p>Na\u0161 najbolji dodatak za barove i kuhinje.<\/p>\n<p>Inovativni N2O dozator namijenjen za izradu \u0161laga, hladnih pjena i umaka. Kompatibilan s na\u0161om FastGas 670g bocom.<\/p>\n<p>Bilo da ste profesionalac ili eksperimentirate kod ku\u0107e, ure\u0111aj za \u0161lag je dizajniran da potakne va\u0161u kreativnost.<\/p>\n<p>PREPORU\u010cENA CIJENA je 89,90 \u20ac<\/p>\n<p>Sifoni se prodaju zasebno.<\/p>\n","protected":false},"featured_media":42720,"template":"","meta":{"_acf_changed":false},"product_brand":[],"product_cat":[439,438,503],"product_tag":[],"class_list":{"0":"post-35978","1":"product","2":"type-product","3":"status-publish","4":"has-post-thumbnail","6":"product_cat-dusikov-oksid-hr","7":"product_cat-kapsule-za-slag-hr","8":"product_cat-svi","10":"first","11":"instock","12":"taxable","13":"shipping-taxable","14":"product-type-simple"},"acf":[],"_links":{"self":[{"href":"https:\/\/f-whip.info\/hr\/wp-json\/wp\/v2\/product\/35978","targetHints":{"allow":["GET"]}}],"collection":[{"href":"https:\/\/f-whip.info\/hr\/wp-json\/wp\/v2\/product"}],"about":[{"href":"https:\/\/f-whip.info\/hr\/wp-json\/wp\/v2\/types\/product"}],"wp:featuredmedia":[{"embeddable":true,"href":"https:\/\/f-whip.info\/hr\/wp-json\/wp\/v2\/media\/42720"}],"wp:attachment":[{"href":"https:\/\/f-whip.info\/hr\/wp-json\/wp\/v2\/media?parent=35978"}],"wp:term":[{"taxonomy":"product_brand","embeddable":true,"href":"https:\/\/f-whip.info\/hr\/wp-json\/wp\/v2\/product_brand?post=35978"},{"taxonomy":"product_cat","embeddable":true,"href":"https:\/\/f-whip.info\/hr\/wp-json\/wp\/v2\/product_cat?post=35978"},{"taxonomy":"product_tag","embeddable":true,"href":"https:\/\/f-whip.info\/hr\/wp-json\/wp\/v2\/product_tag?post=35978"}],"curies":[{"name":"wp","href":"https:\/\/api.w.org\/{rel}","templated":true}]}}