{"id":42085,"date":"2025-03-18T13:11:02","date_gmt":"2025-03-18T12:11:02","guid":{"rendered":"https:\/\/staging.fast-gas.com\/?post_type=product&#038;p=42085"},"modified":"2025-06-23T21:36:48","modified_gmt":"2025-06-23T19:36:48","slug":"punjac-za-slag-670g-grozde","status":"publish","type":"product","link":"https:\/\/f-whip.info\/hr\/proizvod\/punjac-za-slag-670g-grozde\/","title":{"rendered":"FastGas Cream Charger Gro\u017e\u0111e 670g"},"excerpt":{"rendered":"<p>Groz\u0111e, slavno gro\u017e\u0111e!<\/p>\n<p>Na\u0161 bestseler od 670 g sada dolazi u ukusnom, hrskavom i so\u010dnom okusu, idealnom za preljeve za deserte i otmjena pi\u0107a.<\/p>\n<p>Jednokratni \u010deli\u010dni kanistar sadr\u017ei europski kvalitetni du\u0161ikov oksid na koji ste navikli.<\/p>\n<p>FastGas omogu\u0107uje pripremu najpjenastijeg \u0161laga, espume za koktele, umake i vi\u0161e.<\/p>\n<p>Novi dizajn uklju\u010duje QR kod za verifikaciju. <a href=\"https:\/\/f-whip.info\/hr\/verify\/\">Saznajte kako provjeriti svoju bocu.<\/a><\/p>\n<p><strong>Uklju\u010deno u mje\u0161avinu od 6 okusa.<br \/>\n*Svaka paleta od 670 g sadr\u017ei 75 kutija (6 raznih kanistara po kutiji)<\/strong><\/p>\n","protected":false},"featured_media":42664,"template":"","meta":{"_acf_changed":false},"product_brand":[],"product_cat":[439,438,503],"product_tag":[],"class_list":{"0":"post-42085","1":"product","2":"type-product","3":"status-publish","4":"has-post-thumbnail","6":"product_cat-dusikov-oksid-hr","7":"product_cat-kapsule-za-slag-hr","8":"product_cat-svi","10":"first","11":"instock","12":"taxable","13":"shipping-taxable","14":"product-type-simple"},"acf":[],"_links":{"self":[{"href":"https:\/\/f-whip.info\/hr\/wp-json\/wp\/v2\/product\/42085","targetHints":{"allow":["GET"]}}],"collection":[{"href":"https:\/\/f-whip.info\/hr\/wp-json\/wp\/v2\/product"}],"about":[{"href":"https:\/\/f-whip.info\/hr\/wp-json\/wp\/v2\/types\/product"}],"wp:featuredmedia":[{"embeddable":true,"href":"https:\/\/f-whip.info\/hr\/wp-json\/wp\/v2\/media\/42664"}],"wp:attachment":[{"href":"https:\/\/f-whip.info\/hr\/wp-json\/wp\/v2\/media?parent=42085"}],"wp:term":[{"taxonomy":"product_brand","embeddable":true,"href":"https:\/\/f-whip.info\/hr\/wp-json\/wp\/v2\/product_brand?post=42085"},{"taxonomy":"product_cat","embeddable":true,"href":"https:\/\/f-whip.info\/hr\/wp-json\/wp\/v2\/product_cat?post=42085"},{"taxonomy":"product_tag","embeddable":true,"href":"https:\/\/f-whip.info\/hr\/wp-json\/wp\/v2\/product_tag?post=42085"}],"curies":[{"name":"wp","href":"https:\/\/api.w.org\/{rel}","templated":true}]}}