{"id":42096,"date":"2025-03-18T12:15:38","date_gmt":"2025-03-18T11:15:38","guid":{"rendered":"https:\/\/staging.fast-gas.com\/?post_type=product&#038;p=42096"},"modified":"2025-06-23T21:38:17","modified_gmt":"2025-06-23T19:38:17","slug":"punjac-za-slag-670g-zelena-jabuka","status":"publish","type":"product","link":"https:\/\/f-whip.info\/hr\/proizvod\/punjac-za-slag-670g-zelena-jabuka\/","title":{"rendered":"FastGas Zelena Jabuka Krem \u200b\u200bPunja\u010d 670g"},"excerpt":{"rendered":"<p>Okus svje\u017ee ubrane jabuke!<\/p>\n<p>Na\u0161 najprodavaniji punja\u010d od 670g sada dolazi u sna\u017enom, osvje\u017eavaju\u0107em okusu zelene jabuke koji \u0107e pru\u017eiti savr\u0161enu svje\u017einu svakom pi\u0107u ili jelu.<\/p>\n<p>Jednokratni \u010deli\u010dni kanistar sadr\u017ei uobi\u010dajeni europski kvalitetni dinitrogen oksid.<\/p>\n<p>FastGas \u010dini najmek\u0161i \u0161lag, espume za koktele, umake i vi\u0161e.<\/p>\n<p>Novi dizajn uklju\u010duje QR kod za verifikaciju. <a href=\"https:\/\/f-whip.info\/hr\/verify\/\">Saznajte kako verificirati svoju bocu.<\/a><\/p>\n<p><strong>Uklju\u010deno u mje\u0161avinu od 6 okusa.<br \/>\n*Svaka paleta od 670 g sadr\u017ei 75 kutija (6 raznih kanistara po kutiji)<\/strong><\/p>\n","protected":false},"featured_media":42596,"template":"","meta":{"_acf_changed":false},"product_brand":[],"product_cat":[439,438,503],"product_tag":[],"class_list":{"0":"post-42096","1":"product","2":"type-product","3":"status-publish","4":"has-post-thumbnail","6":"product_cat-dusikov-oksid-hr","7":"product_cat-kapsule-za-slag-hr","8":"product_cat-svi","10":"first","11":"instock","12":"taxable","13":"shipping-taxable","14":"product-type-simple"},"acf":[],"_links":{"self":[{"href":"https:\/\/f-whip.info\/hr\/wp-json\/wp\/v2\/product\/42096","targetHints":{"allow":["GET"]}}],"collection":[{"href":"https:\/\/f-whip.info\/hr\/wp-json\/wp\/v2\/product"}],"about":[{"href":"https:\/\/f-whip.info\/hr\/wp-json\/wp\/v2\/types\/product"}],"wp:featuredmedia":[{"embeddable":true,"href":"https:\/\/f-whip.info\/hr\/wp-json\/wp\/v2\/media\/42596"}],"wp:attachment":[{"href":"https:\/\/f-whip.info\/hr\/wp-json\/wp\/v2\/media?parent=42096"}],"wp:term":[{"taxonomy":"product_brand","embeddable":true,"href":"https:\/\/f-whip.info\/hr\/wp-json\/wp\/v2\/product_brand?post=42096"},{"taxonomy":"product_cat","embeddable":true,"href":"https:\/\/f-whip.info\/hr\/wp-json\/wp\/v2\/product_cat?post=42096"},{"taxonomy":"product_tag","embeddable":true,"href":"https:\/\/f-whip.info\/hr\/wp-json\/wp\/v2\/product_tag?post=42096"}],"curies":[{"name":"wp","href":"https:\/\/api.w.org\/{rel}","templated":true}]}}