{"id":42107,"date":"2025-03-18T13:13:48","date_gmt":"2025-03-18T12:13:48","guid":{"rendered":"https:\/\/staging.fast-gas.com\/?post_type=product&#038;p=42107"},"modified":"2025-06-23T21:35:48","modified_gmt":"2025-06-23T19:35:48","slug":"punjac-za-slag-670g-banana","status":"publish","type":"product","link":"https:\/\/f-whip.info\/hr\/proizvod\/punjac-za-slag-670g-banana\/","title":{"rendered":"FastGas Punja\u010d Za \u0161Lag Okus Banane 670g"},"excerpt":{"rendered":"<p>Poludite za bananom!<\/p>\n<p>Na\u0161 bestseler od 670 g sada dolazi u kremastom i izrazitom okusu banane, koji \u0107e natjerati svakoga da po\u017eeli jo\u0161 jedan zalogaj!<\/p>\n<p>Jednokratni \u010deli\u010dni kanistar sadr\u017ei uobi\u010dajeni europski kvalitet du\u0161ikovog oksida.<\/p>\n<p>FastGas omogu\u0107uje pripremu najpjenastijeg \u0161laga, espume za koktele, umake i jo\u0161 mnogo toga.<\/p>\n<p>Novi dizajn uklju\u010duje QR kod za verifikaciju. <a href=\"https:\/\/f-whip.info\/hr\/verify\/\">Saznajte kako provjeriti svoju bocu.<\/a><\/p>\n<p><strong>Uklju\u010deno u mje\u0161avinu od 6 okusa.<br \/>\n*Svaka paleta od 670 g sadr\u017ei 75 kutija (6 raznih kanistara po kutiji)<\/strong><\/p>\n","protected":false},"featured_media":42687,"template":"","meta":{"_acf_changed":false},"product_brand":[],"product_cat":[439,438,503],"product_tag":[],"class_list":{"0":"post-42107","1":"product","2":"type-product","3":"status-publish","4":"has-post-thumbnail","6":"product_cat-dusikov-oksid-hr","7":"product_cat-kapsule-za-slag-hr","8":"product_cat-svi","10":"first","11":"instock","12":"taxable","13":"shipping-taxable","14":"product-type-simple"},"acf":[],"_links":{"self":[{"href":"https:\/\/f-whip.info\/hr\/wp-json\/wp\/v2\/product\/42107","targetHints":{"allow":["GET"]}}],"collection":[{"href":"https:\/\/f-whip.info\/hr\/wp-json\/wp\/v2\/product"}],"about":[{"href":"https:\/\/f-whip.info\/hr\/wp-json\/wp\/v2\/types\/product"}],"wp:featuredmedia":[{"embeddable":true,"href":"https:\/\/f-whip.info\/hr\/wp-json\/wp\/v2\/media\/42687"}],"wp:attachment":[{"href":"https:\/\/f-whip.info\/hr\/wp-json\/wp\/v2\/media?parent=42107"}],"wp:term":[{"taxonomy":"product_brand","embeddable":true,"href":"https:\/\/f-whip.info\/hr\/wp-json\/wp\/v2\/product_brand?post=42107"},{"taxonomy":"product_cat","embeddable":true,"href":"https:\/\/f-whip.info\/hr\/wp-json\/wp\/v2\/product_cat?post=42107"},{"taxonomy":"product_tag","embeddable":true,"href":"https:\/\/f-whip.info\/hr\/wp-json\/wp\/v2\/product_tag?post=42107"}],"curies":[{"name":"wp","href":"https:\/\/api.w.org\/{rel}","templated":true}]}}