{"id":42118,"date":"2025-03-18T13:01:07","date_gmt":"2025-03-18T12:01:07","guid":{"rendered":"https:\/\/staging.fast-gas.com\/?post_type=product&#038;p=42118"},"modified":"2025-06-23T21:37:37","modified_gmt":"2025-06-23T19:37:37","slug":"punjac-za-slag-670g-borovnica","status":"publish","type":"product","link":"https:\/\/f-whip.info\/hr\/proizvod\/punjac-za-slag-670g-borovnica\/","title":{"rendered":"FastGas Punja\u010d Za \u0161Lag Okus Borovnice 670g"},"excerpt":{"rendered":"<p>So\u010dno, poput d\u017eema i radosno plavo!<\/p>\n<p>Na\u0161 bestseler od 670 g sada dolazi u iznena\u0111uju\u0107em okusu borovnice, koji spaja slatko\u0107u nalik pekmezu, aromu cvjetnih nota i intenzivne vo\u0107ne tonove za neusporedivu eksploziju okusa.<\/p>\n<p>Jednokratni \u010deli\u010dni kanister sadr\u017ei uobi\u010dajeni europski kvalitet du\u0161ikovog oksida.<\/p>\n<p>FastGas omogu\u0107uje pripremu najpjenastijeg \u0161laga, espume za koktele, umake i vi\u0161e.<\/p>\n<p>Novi dizajn uklju\u010duje QR kod za verifikaciju. <a href=\"https:\/\/f-whip.info\/hr\/verify\/\">Saznajte kako provjeriti svoju bocu.<\/a><\/p>\n<p><strong>Uklju\u010deno u mje\u0161avinu od 6 okusa.<br \/>\n*Svaka paleta od 670 g sadr\u017ei 75 kutija (6 raznih kanistara po kutiji)<\/strong><\/p>\n","protected":false},"featured_media":42641,"template":"","meta":{"_acf_changed":false},"product_brand":[],"product_cat":[439,438,503],"product_tag":[],"class_list":{"0":"post-42118","1":"product","2":"type-product","3":"status-publish","4":"has-post-thumbnail","6":"product_cat-dusikov-oksid-hr","7":"product_cat-kapsule-za-slag-hr","8":"product_cat-svi","10":"first","11":"instock","12":"taxable","13":"shipping-taxable","14":"product-type-simple"},"acf":[],"_links":{"self":[{"href":"https:\/\/f-whip.info\/hr\/wp-json\/wp\/v2\/product\/42118","targetHints":{"allow":["GET"]}}],"collection":[{"href":"https:\/\/f-whip.info\/hr\/wp-json\/wp\/v2\/product"}],"about":[{"href":"https:\/\/f-whip.info\/hr\/wp-json\/wp\/v2\/types\/product"}],"wp:featuredmedia":[{"embeddable":true,"href":"https:\/\/f-whip.info\/hr\/wp-json\/wp\/v2\/media\/42641"}],"wp:attachment":[{"href":"https:\/\/f-whip.info\/hr\/wp-json\/wp\/v2\/media?parent=42118"}],"wp:term":[{"taxonomy":"product_brand","embeddable":true,"href":"https:\/\/f-whip.info\/hr\/wp-json\/wp\/v2\/product_brand?post=42118"},{"taxonomy":"product_cat","embeddable":true,"href":"https:\/\/f-whip.info\/hr\/wp-json\/wp\/v2\/product_cat?post=42118"},{"taxonomy":"product_tag","embeddable":true,"href":"https:\/\/f-whip.info\/hr\/wp-json\/wp\/v2\/product_tag?post=42118"}],"curies":[{"name":"wp","href":"https:\/\/api.w.org\/{rel}","templated":true}]}}