{"id":42140,"date":"2025-03-18T13:32:53","date_gmt":"2025-03-18T12:32:53","guid":{"rendered":"https:\/\/staging.fast-gas.com\/?post_type=product&#038;p=42140"},"modified":"2025-06-20T17:19:53","modified_gmt":"2025-06-20T15:19:53","slug":"regulator-tlaka","status":"publish","type":"product","link":"https:\/\/f-whip.info\/hr\/proizvod\/regulator-tlaka\/","title":{"rendered":"Regulator Tlaka"},"excerpt":{"rendered":"<p data-start=\"53\" data-end=\"166\">FastGas regulatori tlaka nude pouzdano i jednostavno rje\u0161enje za punjenje sifona za \u0161lag i soda sifona. Kompatibilni s ve\u0107inom spremnika du\u0161ikovog oksida i CO\u2082 boca, osiguravaju glatke i dosljedne performanse u \u0161irokom rasponu primjena.<\/p>\n<p data-start=\"301\" data-end=\"315\"><span class=\"title-highlight\"><strong data-start=\"305\" data-end=\"313\">Opis<\/strong><\/span><\/p>\n<p data-start=\"316\" data-end=\"556\">Dizajnirani za u\u010dinkovitost i neprekidno kori\u0161tenje, ovi su regulatori idealni za zahtjevna okru\u017eenja kao \u0161to su barovi, profesionalne kuhinje i kafi\u0107i. Tako\u0111er su prakti\u010dno rje\u0161enje za ku\u0107ne korisnike koji pripremaju velike koli\u010dine \u0161laga.<\/p>\n<p data-start=\"558\" data-end=\"807\">Regulatori su posebno korisni sa spremnicima od 2L i 3L, gdje ure\u0111aj za \u0161lag jo\u0161 nije dostupan. Omogu\u0107uju nesmetan, neprekinut rad \u2014 za razliku od tradicionalne metode kori\u0161tenja malih 8g punja\u010da koji zahtijevaju stalnu zamjenu i ometaju tijek rada.<\/p>\n","protected":false},"featured_media":42743,"template":"","meta":{"_acf_changed":false},"product_brand":[],"product_cat":[439,438,503],"product_tag":[],"class_list":{"0":"post-42140","1":"product","2":"type-product","3":"status-publish","4":"has-post-thumbnail","6":"product_cat-dusikov-oksid-hr","7":"product_cat-kapsule-za-slag-hr","8":"product_cat-svi","10":"first","11":"instock","12":"taxable","13":"shipping-taxable","14":"product-type-simple"},"acf":[],"_links":{"self":[{"href":"https:\/\/f-whip.info\/hr\/wp-json\/wp\/v2\/product\/42140","targetHints":{"allow":["GET"]}}],"collection":[{"href":"https:\/\/f-whip.info\/hr\/wp-json\/wp\/v2\/product"}],"about":[{"href":"https:\/\/f-whip.info\/hr\/wp-json\/wp\/v2\/types\/product"}],"wp:featuredmedia":[{"embeddable":true,"href":"https:\/\/f-whip.info\/hr\/wp-json\/wp\/v2\/media\/42743"}],"wp:attachment":[{"href":"https:\/\/f-whip.info\/hr\/wp-json\/wp\/v2\/media?parent=42140"}],"wp:term":[{"taxonomy":"product_brand","embeddable":true,"href":"https:\/\/f-whip.info\/hr\/wp-json\/wp\/v2\/product_brand?post=42140"},{"taxonomy":"product_cat","embeddable":true,"href":"https:\/\/f-whip.info\/hr\/wp-json\/wp\/v2\/product_cat?post=42140"},{"taxonomy":"product_tag","embeddable":true,"href":"https:\/\/f-whip.info\/hr\/wp-json\/wp\/v2\/product_tag?post=42140"}],"curies":[{"name":"wp","href":"https:\/\/api.w.org\/{rel}","templated":true}]}}