{"id":43119,"date":"2025-03-24T14:45:52","date_gmt":"2025-03-24T13:45:52","guid":{"rendered":"https:\/\/staging.fast-gas.com\/product\/cream-chargers-670g-6-bottles-box-mixed-2\/"},"modified":"2025-06-23T21:42:55","modified_gmt":"2025-06-23T19:42:55","slug":"punjaci-za-slag-670g-6-boca-kutija-mijesano","status":"publish","type":"product","link":"https:\/\/f-whip.info\/hr\/proizvod\/punjaci-za-slag-670g-6-boca-kutija-mijesano\/","title":{"rendered":"FastGas Kutija Mije\u0161anih Okusa \u2013 670g"},"excerpt":{"rendered":"<p>FastGas ide do kraja s ovim savr\u0161eno osmi\u0161ljenim paketom od 6 ukusnih N2O okusa.<\/p>\n<p>Oslobodite svoju kreativnost uz pi\u0107a i jela s na\u0161im bestselerom N2O europske kvalitete, koji donosi najzanimljivije okuse: jagoda, kokos, gro\u017e\u0111e, zelena jabuka, banana i borovnica.<\/p>\n<p>Svaka od 6 kanistara od 670 g sigurna je i jednokratna \u010deli\u010dna boca.<\/p>\n<p>FastGas stvara najpjenastije \u0161lagove, espume za koktele, umake i jo\u0161 puno toga.<\/p>\n<p>Novi dizajn uklju\u010duje QR kod za verifikaciju. <a href=\"https:\/\/f-whip.info\/hr\/verify\/\">Saznajte kako provjeriti svoju bocu.<\/a><\/p>\n<div class=\"woocommerce-product-details__short-description fast-gas\">\n<p><strong>*Svaka paleta od 670 g sadr\u017ei 75 kutija (6 kanistara po kutiji)<\/strong><\/p>\n<\/div>\n","protected":false},"featured_media":42618,"template":"","meta":{"_acf_changed":false},"product_brand":[],"product_cat":[439,438,503],"product_tag":[],"class_list":{"0":"post-43119","1":"product","2":"type-product","3":"status-publish","4":"has-post-thumbnail","6":"product_cat-dusikov-oksid-hr","7":"product_cat-kapsule-za-slag-hr","8":"product_cat-svi","10":"first","11":"instock","12":"taxable","13":"shipping-taxable","14":"product-type-simple"},"acf":[],"_links":{"self":[{"href":"https:\/\/f-whip.info\/hr\/wp-json\/wp\/v2\/product\/43119","targetHints":{"allow":["GET"]}}],"collection":[{"href":"https:\/\/f-whip.info\/hr\/wp-json\/wp\/v2\/product"}],"about":[{"href":"https:\/\/f-whip.info\/hr\/wp-json\/wp\/v2\/types\/product"}],"wp:featuredmedia":[{"embeddable":true,"href":"https:\/\/f-whip.info\/hr\/wp-json\/wp\/v2\/media\/42618"}],"wp:attachment":[{"href":"https:\/\/f-whip.info\/hr\/wp-json\/wp\/v2\/media?parent=43119"}],"wp:term":[{"taxonomy":"product_brand","embeddable":true,"href":"https:\/\/f-whip.info\/hr\/wp-json\/wp\/v2\/product_brand?post=43119"},{"taxonomy":"product_cat","embeddable":true,"href":"https:\/\/f-whip.info\/hr\/wp-json\/wp\/v2\/product_cat?post=43119"},{"taxonomy":"product_tag","embeddable":true,"href":"https:\/\/f-whip.info\/hr\/wp-json\/wp\/v2\/product_tag?post=43119"}],"curies":[{"name":"wp","href":"https:\/\/api.w.org\/{rel}","templated":true}]}}