{"id":33931,"date":"2023-08-17T08:27:33","date_gmt":"2023-08-17T06:27:33","guid":{"rendered":"https:\/\/fast-gas.com\/product\/fastgas-original-nitrous-oxide-cylinder-2000-grams\/"},"modified":"2025-06-24T18:48:31","modified_gmt":"2025-06-24T16:48:31","slug":"fastgas-original-lystgassylinder-2000-gram","status":"publish","type":"product","link":"https:\/\/f-whip.info\/no\/produkt\/fastgas-original-lystgassylinder-2000-gram\/","title":{"rendered":"FastGas Krempatron Original 2000g"},"excerpt":{"rendered":"<p>V\u00e5r st\u00f8rste kapasitetsbeholder kommer i en praktisk st\u00f8rrelse og med en hendig stropp.<\/p>\n<p>Fylt til randen med lystgass av europeisk kvalitet og produsert under strenge sikkerhetsprotokoller.<\/p>\n<p>FastGas gir det fluffieste av pisket krem, espumaer for cocktailer, sauser og mer.<\/p>\n<p>Nytt design inkluderer verifiserings-QR-kode. <a href=\"https:\/\/f-whip.info\/no\/verify\/\">L\u00e6r hvordan du verifiserer flasken din<\/a>.<\/p>\n<p><strong>*Hver pall med 2kg inneholder 162 kasser (1 gasspatron per kasse)<\/strong><\/p>\n","protected":false},"featured_media":42402,"template":"","meta":{"_acf_changed":false},"product_brand":[],"product_cat":[501,456,457],"product_tag":[],"class_list":{"0":"post-33931","1":"product","2":"type-product","3":"status-publish","4":"has-post-thumbnail","6":"product_cat-alle","7":"product_cat-kremkapsler-no","8":"product_cat-lystgass-no","10":"first","11":"instock","12":"taxable","13":"shipping-taxable","14":"product-type-simple"},"acf":[],"_links":{"self":[{"href":"https:\/\/f-whip.info\/no\/wp-json\/wp\/v2\/product\/33931","targetHints":{"allow":["GET"]}}],"collection":[{"href":"https:\/\/f-whip.info\/no\/wp-json\/wp\/v2\/product"}],"about":[{"href":"https:\/\/f-whip.info\/no\/wp-json\/wp\/v2\/types\/product"}],"wp:featuredmedia":[{"embeddable":true,"href":"https:\/\/f-whip.info\/no\/wp-json\/wp\/v2\/media\/42402"}],"wp:attachment":[{"href":"https:\/\/f-whip.info\/no\/wp-json\/wp\/v2\/media?parent=33931"}],"wp:term":[{"taxonomy":"product_brand","embeddable":true,"href":"https:\/\/f-whip.info\/no\/wp-json\/wp\/v2\/product_brand?post=33931"},{"taxonomy":"product_cat","embeddable":true,"href":"https:\/\/f-whip.info\/no\/wp-json\/wp\/v2\/product_cat?post=33931"},{"taxonomy":"product_tag","embeddable":true,"href":"https:\/\/f-whip.info\/no\/wp-json\/wp\/v2\/product_tag?post=33931"}],"curies":[{"name":"wp","href":"https:\/\/api.w.org\/{rel}","templated":true}]}}