{"id":34302,"date":"2023-08-17T08:27:40","date_gmt":"2023-08-17T06:27:40","guid":{"rendered":"https:\/\/fast-gas.com\/product\/fastgas-strawberry-nitrous-oxide-cylinder-2000-grams\/"},"modified":"2025-06-24T18:46:06","modified_gmt":"2025-06-24T16:46:06","slug":"fastgas-jordbaer-nitrogendioksid-sylinder-2000-gram","status":"publish","type":"product","link":"https:\/\/f-whip.info\/no\/produkt\/fastgas-jordbaer-nitrogendioksid-sylinder-2000-gram\/","title":{"rendered":"FastGas Jordb\u00e6r Krempatron 2000g"},"excerpt":{"rendered":"<p>V\u00e5r st\u00f8rste kapasitetssylinder kommer i en praktisk st\u00f8rrelse og med en hendig stropp, fylt med deilig jordb\u00e6rsmakende N2O.<\/p>\n<p>Fylt til randen med gass av europeisk kvalitet og produsert under strenge sikkerhetsprotokoller.<\/p>\n<p>FastGas lager den luftigste piskede kremen, espuma til cocktailer, sauser, og mer.<\/p>\n<p>Nytt design inkluderer verifiserings-QR-kode. <a href=\"https:\/\/f-whip.info\/no\/verify\/\">L\u00e6r hvordan du verifiserer flasken din<\/a>.<\/p>\n<p><strong>*Hver pall med 2kg inneholder 162 kasser (1 gasspatron per kasse)<\/strong><\/p>\n","protected":false},"featured_media":42481,"template":"","meta":{"_acf_changed":false},"product_brand":[],"product_cat":[501,456,457],"product_tag":[],"class_list":{"0":"post-34302","1":"product","2":"type-product","3":"status-publish","4":"has-post-thumbnail","6":"product_cat-alle","7":"product_cat-kremkapsler-no","8":"product_cat-lystgass-no","10":"first","11":"instock","12":"taxable","13":"shipping-taxable","14":"product-type-simple"},"acf":[],"_links":{"self":[{"href":"https:\/\/f-whip.info\/no\/wp-json\/wp\/v2\/product\/34302","targetHints":{"allow":["GET"]}}],"collection":[{"href":"https:\/\/f-whip.info\/no\/wp-json\/wp\/v2\/product"}],"about":[{"href":"https:\/\/f-whip.info\/no\/wp-json\/wp\/v2\/types\/product"}],"wp:featuredmedia":[{"embeddable":true,"href":"https:\/\/f-whip.info\/no\/wp-json\/wp\/v2\/media\/42481"}],"wp:attachment":[{"href":"https:\/\/f-whip.info\/no\/wp-json\/wp\/v2\/media?parent=34302"}],"wp:term":[{"taxonomy":"product_brand","embeddable":true,"href":"https:\/\/f-whip.info\/no\/wp-json\/wp\/v2\/product_brand?post=34302"},{"taxonomy":"product_cat","embeddable":true,"href":"https:\/\/f-whip.info\/no\/wp-json\/wp\/v2\/product_cat?post=34302"},{"taxonomy":"product_tag","embeddable":true,"href":"https:\/\/f-whip.info\/no\/wp-json\/wp\/v2\/product_tag?post=34302"}],"curies":[{"name":"wp","href":"https:\/\/api.w.org\/{rel}","templated":true}]}}