{"id":36003,"date":"2024-06-12T13:25:43","date_gmt":"2024-06-12T11:25:43","guid":{"rendered":"https:\/\/fast-gas.com\/?post_type=product&#038;p=36003"},"modified":"2025-03-25T10:32:56","modified_gmt":"2025-03-25T10:32:56","slug":"fastgas-kremdispenser","status":"publish","type":"product","link":"https:\/\/f-whip.info\/no\/produkt\/fastgas-kremdispenser\/","title":{"rendered":"FastGas Kremdispenser"},"excerpt":{"rendered":"<p>V\u00e5rt ultimate tilbeh\u00f8r til bar og kj\u00f8kken.<\/p>\n<p>En nyskapende N2O-dispenser spesielt utformet for fremstilling av pisket krem, kalde skum og sauser. Kompatibel med v\u00e5r FastGas 670g-beholder.<\/p>\n<p>Enten du er en proff eller pr\u00f8ver deg p\u00e5 hjemmebane, er kremmaskinen designet for \u00e5 frigj\u00f8re kreativiteten din.<\/p>\n<p>ANBEFALT PRIS er 89,90 \u20ac<\/p>\n<p>Sifoner selges separat.<\/p>\n","protected":false},"featured_media":42726,"template":"","meta":{"_acf_changed":false},"product_brand":[],"product_cat":[501,456,457],"product_tag":[],"class_list":{"0":"post-36003","1":"product","2":"type-product","3":"status-publish","4":"has-post-thumbnail","6":"product_cat-alle","7":"product_cat-kremkapsler-no","8":"product_cat-lystgass-no","10":"first","11":"instock","12":"taxable","13":"shipping-taxable","14":"product-type-simple"},"acf":[],"_links":{"self":[{"href":"https:\/\/f-whip.info\/no\/wp-json\/wp\/v2\/product\/36003","targetHints":{"allow":["GET"]}}],"collection":[{"href":"https:\/\/f-whip.info\/no\/wp-json\/wp\/v2\/product"}],"about":[{"href":"https:\/\/f-whip.info\/no\/wp-json\/wp\/v2\/types\/product"}],"wp:featuredmedia":[{"embeddable":true,"href":"https:\/\/f-whip.info\/no\/wp-json\/wp\/v2\/media\/42726"}],"wp:attachment":[{"href":"https:\/\/f-whip.info\/no\/wp-json\/wp\/v2\/media?parent=36003"}],"wp:term":[{"taxonomy":"product_brand","embeddable":true,"href":"https:\/\/f-whip.info\/no\/wp-json\/wp\/v2\/product_brand?post=36003"},{"taxonomy":"product_cat","embeddable":true,"href":"https:\/\/f-whip.info\/no\/wp-json\/wp\/v2\/product_cat?post=36003"},{"taxonomy":"product_tag","embeddable":true,"href":"https:\/\/f-whip.info\/no\/wp-json\/wp\/v2\/product_tag?post=36003"}],"curies":[{"name":"wp","href":"https:\/\/api.w.org\/{rel}","templated":true}]}}