{"id":42091,"date":"2025-03-18T13:11:02","date_gmt":"2025-03-18T12:11:02","guid":{"rendered":"https:\/\/staging.fast-gas.com\/?post_type=product&#038;p=42091"},"modified":"2025-06-24T18:10:54","modified_gmt":"2025-06-24T16:10:54","slug":"krempatron-670g-drue","status":"publish","type":"product","link":"https:\/\/f-whip.info\/no\/produkt\/krempatron-670g-drue\/","title":{"rendered":"FastGas Cream Charger Drue 670g"},"excerpt":{"rendered":"<p>Druer, fantastiske druer!<\/p>\n<p>V\u00e5r bestselger p\u00e5 670 g kommer n\u00e5 i en frisk og saftig smak, perfekt for desserttoppinger og fancy drikker.<\/p>\n<p>Den engangs st\u00e5lsylinderen inneholder den vanlige, europeiske kvalitetslystgassen.<\/p>\n<p>FastGas gir deg det luftigste kremfl\u00f8tet, espumas til cocktails, sauser og mer.<\/p>\n<p>Det nye designet inkluderer en QR-kode for verifisering. <a href=\"https:\/\/f-whip.info\/no\/verify\/\">L\u00e6r hvordan du verifiserer flasken din.<\/a><\/p>\n<p><strong>Inkludert i en blanding av 6 smaker.<br \/>\n*Hver pall med 670 g inneholder 75 kasser (6 blandede sylindere per kasse)<\/strong><\/p>\n","protected":false},"featured_media":42670,"template":"","meta":{"_acf_changed":false},"product_brand":[],"product_cat":[501,456,457],"product_tag":[],"class_list":{"0":"post-42091","1":"product","2":"type-product","3":"status-publish","4":"has-post-thumbnail","6":"product_cat-alle","7":"product_cat-kremkapsler-no","8":"product_cat-lystgass-no","10":"first","11":"instock","12":"taxable","13":"shipping-taxable","14":"product-type-simple"},"acf":[],"_links":{"self":[{"href":"https:\/\/f-whip.info\/no\/wp-json\/wp\/v2\/product\/42091","targetHints":{"allow":["GET"]}}],"collection":[{"href":"https:\/\/f-whip.info\/no\/wp-json\/wp\/v2\/product"}],"about":[{"href":"https:\/\/f-whip.info\/no\/wp-json\/wp\/v2\/types\/product"}],"wp:featuredmedia":[{"embeddable":true,"href":"https:\/\/f-whip.info\/no\/wp-json\/wp\/v2\/media\/42670"}],"wp:attachment":[{"href":"https:\/\/f-whip.info\/no\/wp-json\/wp\/v2\/media?parent=42091"}],"wp:term":[{"taxonomy":"product_brand","embeddable":true,"href":"https:\/\/f-whip.info\/no\/wp-json\/wp\/v2\/product_brand?post=42091"},{"taxonomy":"product_cat","embeddable":true,"href":"https:\/\/f-whip.info\/no\/wp-json\/wp\/v2\/product_cat?post=42091"},{"taxonomy":"product_tag","embeddable":true,"href":"https:\/\/f-whip.info\/no\/wp-json\/wp\/v2\/product_tag?post=42091"}],"curies":[{"name":"wp","href":"https:\/\/api.w.org\/{rel}","templated":true}]}}