{"id":42124,"date":"2025-03-18T13:01:07","date_gmt":"2025-03-18T12:01:07","guid":{"rendered":"https:\/\/staging.fast-gas.com\/?post_type=product&#038;p=42124"},"modified":"2025-06-24T18:11:25","modified_gmt":"2025-06-24T16:11:25","slug":"krempatron-670g-blaabaer","status":"publish","type":"product","link":"https:\/\/f-whip.info\/no\/produkt\/krempatron-670g-blaabaer\/","title":{"rendered":"FastGas Krempatron Med Bl\u00e5b\u00e6r 670g"},"excerpt":{"rendered":"<p>Saftig, syltet\u00f8yaktig og herlig bl\u00e5!<\/p>\n<p>V\u00e5r bestselger p\u00e5 670 g kommer n\u00e5 i en overraskende bl\u00e5b\u00e6rsmak som kombinerer syltet\u00f8ys\u00f8dme, s\u00f8dme og florale toner for en unik smakseksplosjon.<\/p>\n<p>Den engangs st\u00e5lcylinderen inneholder den vanlige, europeiske kvalitetslystgassen.<\/p>\n<p>FastGas gir deg de luftigste kremene, espumas til cocktails, sauser og mer.<\/p>\n<p>Det nye designet inkluderer en QR-kode for verifisering. <a href=\"https:\/\/f-whip.info\/no\/verify\/\">L\u00e6r hvordan du kan verifisere flasken din.<\/a><\/p>\n<p><strong>Inkludert i en blanding av 6 smaker.<br \/>\n*Hver pall med 670 g inneholder 75 kasser (6 blandede sylindere per kasse)<\/strong><\/p>\n","protected":false},"featured_media":42647,"template":"","meta":{"_acf_changed":false},"product_brand":[],"product_cat":[501,456,457],"product_tag":[],"class_list":{"0":"post-42124","1":"product","2":"type-product","3":"status-publish","4":"has-post-thumbnail","6":"product_cat-alle","7":"product_cat-kremkapsler-no","8":"product_cat-lystgass-no","10":"first","11":"instock","12":"taxable","13":"shipping-taxable","14":"product-type-simple"},"acf":[],"_links":{"self":[{"href":"https:\/\/f-whip.info\/no\/wp-json\/wp\/v2\/product\/42124","targetHints":{"allow":["GET"]}}],"collection":[{"href":"https:\/\/f-whip.info\/no\/wp-json\/wp\/v2\/product"}],"about":[{"href":"https:\/\/f-whip.info\/no\/wp-json\/wp\/v2\/types\/product"}],"wp:featuredmedia":[{"embeddable":true,"href":"https:\/\/f-whip.info\/no\/wp-json\/wp\/v2\/media\/42647"}],"wp:attachment":[{"href":"https:\/\/f-whip.info\/no\/wp-json\/wp\/v2\/media?parent=42124"}],"wp:term":[{"taxonomy":"product_brand","embeddable":true,"href":"https:\/\/f-whip.info\/no\/wp-json\/wp\/v2\/product_brand?post=42124"},{"taxonomy":"product_cat","embeddable":true,"href":"https:\/\/f-whip.info\/no\/wp-json\/wp\/v2\/product_cat?post=42124"},{"taxonomy":"product_tag","embeddable":true,"href":"https:\/\/f-whip.info\/no\/wp-json\/wp\/v2\/product_tag?post=42124"}],"curies":[{"name":"wp","href":"https:\/\/api.w.org\/{rel}","templated":true}]}}