{"id":43131,"date":"2025-03-24T14:45:52","date_gmt":"2025-03-24T13:45:52","guid":{"rendered":"https:\/\/staging.fast-gas.com\/product\/cream-chargers-670g-6-bottles-box-mixed-2\/"},"modified":"2025-06-24T18:10:06","modified_gmt":"2025-06-24T16:10:06","slug":"krempatroner-670g-6-flasker-boks-blandet","status":"publish","type":"product","link":"https:\/\/f-whip.info\/no\/produkt\/krempatroner-670g-6-flasker-boks-blandet\/","title":{"rendered":"FastGas Blandet Smakboks \u2013 670g"},"excerpt":{"rendered":"<p>FastGas g\u00e5r all-in med denne perfekt sammensatte esken med 6 nydelige N2O-smaker.<\/p>\n<p>Slipp l\u00f8s kreativiteten i drikker og retter med v\u00e5r bestselgende, europeiske kvalitets-N2O, som byr p\u00e5 de mest spennende smakene: jordb\u00e6r, kokos, drue, gr\u00f8nt eple, banan og bl\u00e5b\u00e6r.<\/p>\n<p>Hver av de 6 beholderne p\u00e5 670 g er en trygg og engangs st\u00e5lcylinder.<\/p>\n<p>FastGas gir deg de luftigste kremene, espumas til cocktails, sauser og mer.<\/p>\n<p>Den nye designen inkluderer en QR-kode for verifisering. <a href=\"https:\/\/f-whip.info\/no\/verify\/\">L\u00e6r hvordan du verifiserer flasken din.<\/a><\/p>\n<div class=\"woocommerce-product-details__short-description fast-gas\">\n<p><strong>*Varje pall med 670 g inneh\u00e5ller 75 l\u00e5dor (6 cylindrar per l\u00e5da)<\/strong><\/p>\n<\/div>\n","protected":false},"featured_media":42625,"template":"","meta":{"_acf_changed":false},"product_brand":[],"product_cat":[501,456,457],"product_tag":[],"class_list":{"0":"post-43131","1":"product","2":"type-product","3":"status-publish","4":"has-post-thumbnail","6":"product_cat-alle","7":"product_cat-kremkapsler-no","8":"product_cat-lystgass-no","10":"first","11":"instock","12":"taxable","13":"shipping-taxable","14":"product-type-simple"},"acf":[],"_links":{"self":[{"href":"https:\/\/f-whip.info\/no\/wp-json\/wp\/v2\/product\/43131","targetHints":{"allow":["GET"]}}],"collection":[{"href":"https:\/\/f-whip.info\/no\/wp-json\/wp\/v2\/product"}],"about":[{"href":"https:\/\/f-whip.info\/no\/wp-json\/wp\/v2\/types\/product"}],"wp:featuredmedia":[{"embeddable":true,"href":"https:\/\/f-whip.info\/no\/wp-json\/wp\/v2\/media\/42625"}],"wp:attachment":[{"href":"https:\/\/f-whip.info\/no\/wp-json\/wp\/v2\/media?parent=43131"}],"wp:term":[{"taxonomy":"product_brand","embeddable":true,"href":"https:\/\/f-whip.info\/no\/wp-json\/wp\/v2\/product_brand?post=43131"},{"taxonomy":"product_cat","embeddable":true,"href":"https:\/\/f-whip.info\/no\/wp-json\/wp\/v2\/product_cat?post=43131"},{"taxonomy":"product_tag","embeddable":true,"href":"https:\/\/f-whip.info\/no\/wp-json\/wp\/v2\/product_tag?post=43131"}],"curies":[{"name":"wp","href":"https:\/\/api.w.org\/{rel}","templated":true}]}}