{"id":36627,"date":"2024-06-12T13:25:43","date_gmt":"2024-06-12T11:25:43","guid":{"rendered":"https:\/\/fast-gas.com\/product\/fastgas-creamer\/"},"modified":"2025-03-25T10:33:58","modified_gmt":"2025-03-25T10:33:58","slug":"fastgas-slagaparat","status":"publish","type":"product","link":"https:\/\/f-whip.info\/sr\/product\/fastgas-slagaparat\/","title":{"rendered":"FastGas \u0160lag Aparat"},"excerpt":{"rendered":"<p>Na\u0161 ultimativni dodatak za bar i kuhinju.<\/p>\n<p>Inovativni N2O dozator prilago\u0111en za pravljenje \u0161laga, hladnih penu\u0161avih krema i sosova. Kompatibilan sa na\u0161om FastGas bocom od 670g.<\/p>\n<p>Bilo da ste profesionalac ili eksperimenti\u0161ete kod ku\u0107e, aparat za \u0161lag je dizajniran da oslobodi va\u0161u kreativnost.<\/p>\n<p>PREPORU\u010cENA CENA je 89,90 \u20ac<\/p>\n<p>Sifoni se prodaju odvojeno.<\/p>\n","protected":false},"featured_media":42727,"template":"","meta":{"_acf_changed":false},"product_brand":[],"product_cat":[485,486,495],"product_tag":[],"class_list":{"0":"post-36627","1":"product","2":"type-product","3":"status-publish","4":"has-post-thumbnail","6":"product_cat-cream-chargers-sr","7":"product_cat-nitrous-oxide-sr","8":"product_cat-svi","10":"first","11":"instock","12":"taxable","13":"shipping-taxable","14":"product-type-simple"},"acf":[],"_links":{"self":[{"href":"https:\/\/f-whip.info\/sr\/wp-json\/wp\/v2\/product\/36627","targetHints":{"allow":["GET"]}}],"collection":[{"href":"https:\/\/f-whip.info\/sr\/wp-json\/wp\/v2\/product"}],"about":[{"href":"https:\/\/f-whip.info\/sr\/wp-json\/wp\/v2\/types\/product"}],"wp:featuredmedia":[{"embeddable":true,"href":"https:\/\/f-whip.info\/sr\/wp-json\/wp\/v2\/media\/42727"}],"wp:attachment":[{"href":"https:\/\/f-whip.info\/sr\/wp-json\/wp\/v2\/media?parent=36627"}],"wp:term":[{"taxonomy":"product_brand","embeddable":true,"href":"https:\/\/f-whip.info\/sr\/wp-json\/wp\/v2\/product_brand?post=36627"},{"taxonomy":"product_cat","embeddable":true,"href":"https:\/\/f-whip.info\/sr\/wp-json\/wp\/v2\/product_cat?post=36627"},{"taxonomy":"product_tag","embeddable":true,"href":"https:\/\/f-whip.info\/sr\/wp-json\/wp\/v2\/product_tag?post=36627"}],"curies":[{"name":"wp","href":"https:\/\/api.w.org\/{rel}","templated":true}]}}